{"id":4421,"date":"2025-09-11T22:53:06","date_gmt":"2025-09-11T22:53:06","guid":{"rendered":"https:\/\/alpertuydes.com\/?page_id=4421"},"modified":"2026-03-23T23:22:10","modified_gmt":"2026-03-23T23:22:10","slug":"yapimlar","status":"publish","type":"page","link":"https:\/\/alpertuydes.com\/?page_id=4421","title":{"rendered":"Yap\u0131mlar"},"content":{"rendered":"<div class=\"wpb-content-wrapper\"><p>[vc_row full_width=&#8221;stretch_row&#8221; css=&#8221;.vc_custom_1767480709165{background-image: url(https:\/\/alpertuydes.com\/wp-content\/uploads\/2025\/08\/m4.jpg?id=4314) !important;background-position: center !important;background-repeat: no-repeat !important;background-size: cover !important;}&#8221;][vc_column][vc_empty_space height=&#8221;67px&#8221;][vc_message message_box_style=&#8221;solid&#8221; message_box_color=&#8221;danger&#8221; icon_fontawesome=&#8221;fa fa-solid fa-video&#8221; css=&#8221;&#8221;]<\/p>\n<h3 style=\"text-align: center;\"><span style=\"font-family: \u201dsegoe UI;\">Alper T\u00fcyde\u015f | Yap\u0131mlar<\/span><\/h3>\n<p>&nbsp;<\/p>\n<p>&#8211; Sakl\u0131 Cennet Karacabey Longozu \u2013 2015<br \/>\n&#8211; Yaren (Belgesel) \u2013 2019<br \/>\n&#8211; Yery\u00fczleri ; Alper T\u00fcyde\u015f \u2013 TRT 2 \u2013 2021<br \/>\n&#8211; \u015eimdi Yada Asla \u2013 Bein Connect \u2013 2021<br \/>\n&#8211; Bir Daha Asla \u2013 Gain 2021<br \/>\n&#8211;\u00a0 Karacabey Longozu \u2013 2022<br \/>\n&#8211; Yaren Leylek (Sinema Film) \u2013 2023<br \/>\n&#8211; Anadolu Kadim Do\u011fa \u2013 2024<br \/>\n&#8211; G\u00f6revimiz Ku\u015flar (TRT Belgesel) \u2013 2024&gt;<br \/>\n&#8211; Salda \u2013 2024 \u2013 ?<br \/>\n&#8211; Havadan, Sudan, Ku\u015ftan sohbetler \u2013 Youtube \u2013 2024[\/vc_message][vc_empty_space height=&#8221;67px&#8221;][\/vc_column][\/vc_row]<\/p>\n<\/div>","protected":false},"excerpt":{"rendered":"<p>[vc_row full_width=&#8221;stretch_row&#8221; css=&#8221;.vc_custom_1767480709165{background-image: url(https:\/\/alpertuydes.com\/wp-content\/uploads\/2025\/08\/m4.jpg?id=4314) !important;background-position: center !important;background-repeat: no-repeat !important;background-size: cover !important;}&#8221;][vc_column][vc_empty_space height=&#8221;67px&#8221;][vc_message message_box_style=&#8221;solid&#8221; message_box_color=&#8221;danger&#8221; icon_fontawesome=&#8221;fa fa-solid fa-video&#8221; css=&#8221;&#8221;] Alper T\u00fcyde\u015f | Yap\u0131mlar &nbsp; &#8211; Sakl\u0131 Cennet Karacabey Longozu \u2013 2015 &#8211; Yaren (Belgesel) \u2013 2019 &#8211; Yery\u00fczleri ; Alper T\u00fcyde\u015f \u2013 TRT 2 \u2013 2021 &#8211; \u015eimdi Yada Asla \u2013 Bein Connect \u2013 2021 &#8211; [&hellip;]<\/p>\n","protected":false},"author":1,"featured_media":5522,"parent":0,"menu_order":0,"comment_status":"closed","ping_status":"closed","template":"","meta":{"footnotes":""},"class_list":["post-4421","page","type-page","status-publish","has-post-thumbnail","hentry"],"_links":{"self":[{"href":"https:\/\/alpertuydes.com\/index.php?rest_route=\/wp\/v2\/pages\/4421","targetHints":{"allow":["GET"]}}],"collection":[{"href":"https:\/\/alpertuydes.com\/index.php?rest_route=\/wp\/v2\/pages"}],"about":[{"href":"https:\/\/alpertuydes.com\/index.php?rest_route=\/wp\/v2\/types\/page"}],"author":[{"embeddable":true,"href":"https:\/\/alpertuydes.com\/index.php?rest_route=\/wp\/v2\/users\/1"}],"replies":[{"embeddable":true,"href":"https:\/\/alpertuydes.com\/index.php?rest_route=%2Fwp%2Fv2%2Fcomments&post=4421"}],"version-history":[{"count":5,"href":"https:\/\/alpertuydes.com\/index.php?rest_route=\/wp\/v2\/pages\/4421\/revisions"}],"predecessor-version":[{"id":5460,"href":"https:\/\/alpertuydes.com\/index.php?rest_route=\/wp\/v2\/pages\/4421\/revisions\/5460"}],"wp:featuredmedia":[{"embeddable":true,"href":"https:\/\/alpertuydes.com\/index.php?rest_route=\/wp\/v2\/media\/5522"}],"wp:attachment":[{"href":"https:\/\/alpertuydes.com\/index.php?rest_route=%2Fwp%2Fv2%2Fmedia&parent=4421"}],"curies":[{"name":"wp","href":"https:\/\/api.w.org\/{rel}","templated":true}]}}