{"id":4415,"date":"2025-09-11T22:46:56","date_gmt":"2025-09-11T22:46:56","guid":{"rendered":"https:\/\/alpertuydes.com\/?page_id=4415"},"modified":"2026-03-23T23:22:06","modified_gmt":"2026-03-23T23:22:06","slug":"isbirlikleri","status":"publish","type":"page","link":"https:\/\/alpertuydes.com\/?page_id=4415","title":{"rendered":"\u0130\u015fbirlikleri"},"content":{"rendered":"<div class=\"wpb-content-wrapper\"><p>[vc_row full_width=&#8221;stretch_row&#8221; css=&#8221;.vc_custom_1767480709165{background-image: url(https:\/\/alpertuydes.com\/wp-content\/uploads\/2025\/08\/m4.jpg?id=4314) !important;background-position: center !important;background-repeat: no-repeat !important;background-size: cover !important;}&#8221;][vc_column][vc_empty_space height=&#8221;67px&#8221;][vc_message message_box_style=&#8221;solid&#8221; message_box_color=&#8221;danger&#8221; icon_fontawesome=&#8221;fa fa-regular fa-handshake&#8221; css=&#8221;&#8221;]<\/p>\n<h3 style=\"text-align: center;\"><span style=\"font-family: \u201dsegoe UI;\">Alper T\u00fcyde\u015f | \u0130\u015fbirlikleri<\/span><\/h3>\n<p>&nbsp;<\/p>\n<p><strong><u>Kamu Kurumlar\u0131 &amp; Resm\u00ee Kurulu\u015flar<\/u><\/strong><\/p>\n<p>&#8211; T\u00fcrkiye Cumhuriyeti Cumhurba\u015fkanl\u0131\u011f\u0131<br \/>\n&#8211; TC K\u00fclt\u00fcr ve Turizm Bakanl\u0131\u011f\u0131<br \/>\n&#8211; TC \u00c7evre, \u015eehircilik ve \u0130klim De\u011fi\u015fikli\u011fi Bakanl\u0131\u011f\u0131<br \/>\n&#8211; TC Mill\u00ee E\u011fitim Bakanl\u0131\u011f\u0131<br \/>\n&#8211; Orman Genel M\u00fcd\u00fcrl\u00fc\u011f\u00fc<br \/>\n&#8211; Birle\u015fmi\u015f Milletler G\u0131da ve Tar\u0131m \u00d6rg\u00fct\u00fc (FAO)<\/p>\n<p><strong><u>Yerel Y\u00f6netimler<\/u><br \/>\n<\/strong>&#8211; \u0130stanbul B\u00fcy\u00fck\u015fehir Belediyesi<br \/>\n&#8211; Bursa B\u00fcy\u00fck\u015fehir Belediyesi<br \/>\n&#8211; Kocaeli B\u00fcy\u00fck\u015fehir Belediyesi<br \/>\n&#8211; Nil\u00fcfer Belediyesi (Bursa)<br \/>\n&#8211; Beykoz Belediyesi (\u0130stanbul)<br \/>\n&#8211; \u015eile Belediyesi (\u0130stanbul)<br \/>\n&#8211; \u00dcsk\u00fcdar Belediyesi (\u0130stanbul)<br \/>\n&#8211; \u0130neg\u00f6l Belediyesi (Bursa)<br \/>\n&#8211; Band\u0131rma Belediyesi (Bal\u0131kesir)<\/p>\n<p><strong><u>Uluslararas\u0131 &amp; Ulusal Markalar<\/u><br \/>\n<\/strong>&#8211; Do\u011fu\u015f Otomotiv<br \/>\n&#8211; Volkswagen<br \/>\n&#8211; Cupra<br \/>\n&#8211; Seat<br \/>\n&#8211; Nikon<br \/>\n&#8211; Samsung<br \/>\n&#8211; Xiaomi<br \/>\n&#8211; Migros<br \/>\n&#8211; Denizbank<br \/>\n&#8211; Hayat Holding<br \/>\n&#8211; Flo Group<br \/>\n&#8211; Takeda T\u00fcrkiye<br \/>\n&#8211; Aydem Enerji<\/p>\n<p>&#8211; Columbia<br \/>\n&#8211; Climbolic<br \/>\n&#8211; Norwester<br \/>\n&#8211; Swiss\u00f4tel<br \/>\n&#8211; Akra Antalya Hotel<br \/>\n&#8211; Last Penny Ankara<\/p>\n<p><strong><u>Sivil Toplum Kurulu\u015flar\u0131<\/u><br \/>\n<\/strong>&#8211; TEMA Vakf\u0131<br \/>\n&#8211; Do\u011fa Derne\u011fi<br \/>\n&#8211; Yuvam D\u00fcnya Derne\u011fi<br \/>\n&#8211; Bu\u011fday Derne\u011fi<br \/>\n&#8211; Bursa Do\u011fader<\/p>\n<p><strong><u>Medya, Yay\u0131nc\u0131l\u0131k &amp; Dijital Platformlar<\/u><br \/>\n<\/strong>&#8211; National Geographic T\u00fcrkiye<br \/>\n&#8211; TRT Belgesel<br \/>\n&#8211; TRT 2<br \/>\n&#8211; Disney<br \/>\n&#8211; beIN Connect<br \/>\n&#8211; Gain<br \/>\n&#8211; A\u00e7\u0131k Radyo<br \/>\n&#8211; Atlas Dergisi<br \/>\n&#8211; Vak\u0131fBank K\u00fclt\u00fcr Yay\u0131nlar\u0131<br \/>\n&#8211; Karavan \u00c7ocuk Yay\u0131nevi<\/p>\n<p><strong><u>K\u00fclt\u00fcr, Bilim &amp; Sanat Kurumlar\u0131<\/u><\/strong><br \/>\n&#8211; CSO Ada Ankara<br \/>\n&#8211; G\u00f6kmen Uzay Havac\u0131l\u0131k Merkezi (GUHEM)<br \/>\n&#8211; Rami K\u00fct\u00fcphanesi<\/p>\n<p><strong><u>\u00dcniversiteler<\/u><\/strong><br \/>\n&#8211; Hacettepe \u00dcniversitesi &#8211; Ankara<br \/>\n&#8211; Bursa Teknik \u00dcniversitesi<br \/>\n&#8211; \u0130stanbul Teknik \u00dcniversitesi<br \/>\n&#8211; Kafkas \u00dcniversitesi &#8211; Kars<\/p>\n<p><strong><u>E\u011fitim Kurumlar\u0131<\/u><\/strong><br \/>\n&#8211; Saint Joseph Lisesi (\u0130stanbul)<br \/>\n&#8211; I\u015f\u0131kkent E\u011fitim Okullar\u0131 (\u0130zmir)<br \/>\n&#8211; \u015eahinkaya Okullar\u0131 (Bursa)<br \/>\n&#8211; Arena Okullar\u0131 (Bursa)<br \/>\n&#8211; Kaplan Okullar\u0131 (Bursa)<br \/>\n&#8211; Geli\u015fim Okullar\u0131 (Eski\u015fehir)[\/vc_message][vc_empty_space height=&#8221;67px&#8221;][\/vc_column][\/vc_row]<\/p>\n<\/div>","protected":false},"excerpt":{"rendered":"<p>[vc_row full_width=&#8221;stretch_row&#8221; css=&#8221;.vc_custom_1767480709165{background-image: url(https:\/\/alpertuydes.com\/wp-content\/uploads\/2025\/08\/m4.jpg?id=4314) !important;background-position: center !important;background-repeat: no-repeat !important;background-size: cover !important;}&#8221;][vc_column][vc_empty_space height=&#8221;67px&#8221;][vc_message message_box_style=&#8221;solid&#8221; message_box_color=&#8221;danger&#8221; icon_fontawesome=&#8221;fa fa-regular fa-handshake&#8221; css=&#8221;&#8221;] Alper T\u00fcyde\u015f | \u0130\u015fbirlikleri &nbsp; Kamu Kurumlar\u0131 &amp; Resm\u00ee Kurulu\u015flar &#8211; T\u00fcrkiye Cumhuriyeti Cumhurba\u015fkanl\u0131\u011f\u0131 &#8211; TC K\u00fclt\u00fcr ve Turizm Bakanl\u0131\u011f\u0131 &#8211; TC \u00c7evre, \u015eehircilik ve \u0130klim De\u011fi\u015fikli\u011fi Bakanl\u0131\u011f\u0131 &#8211; TC Mill\u00ee E\u011fitim Bakanl\u0131\u011f\u0131 &#8211; Orman Genel M\u00fcd\u00fcrl\u00fc\u011f\u00fc [&hellip;]<\/p>\n","protected":false},"author":1,"featured_media":4297,"parent":0,"menu_order":0,"comment_status":"closed","ping_status":"closed","template":"","meta":{"footnotes":""},"class_list":["post-4415","page","type-page","status-publish","has-post-thumbnail","hentry"],"_links":{"self":[{"href":"https:\/\/alpertuydes.com\/index.php?rest_route=\/wp\/v2\/pages\/4415","targetHints":{"allow":["GET"]}}],"collection":[{"href":"https:\/\/alpertuydes.com\/index.php?rest_route=\/wp\/v2\/pages"}],"about":[{"href":"https:\/\/alpertuydes.com\/index.php?rest_route=\/wp\/v2\/types\/page"}],"author":[{"embeddable":true,"href":"https:\/\/alpertuydes.com\/index.php?rest_route=\/wp\/v2\/users\/1"}],"replies":[{"embeddable":true,"href":"https:\/\/alpertuydes.com\/index.php?rest_route=%2Fwp%2Fv2%2Fcomments&post=4415"}],"version-history":[{"count":17,"href":"https:\/\/alpertuydes.com\/index.php?rest_route=\/wp\/v2\/pages\/4415\/revisions"}],"predecessor-version":[{"id":5527,"href":"https:\/\/alpertuydes.com\/index.php?rest_route=\/wp\/v2\/pages\/4415\/revisions\/5527"}],"wp:featuredmedia":[{"embeddable":true,"href":"https:\/\/alpertuydes.com\/index.php?rest_route=\/wp\/v2\/media\/4297"}],"wp:attachment":[{"href":"https:\/\/alpertuydes.com\/index.php?rest_route=%2Fwp%2Fv2%2Fmedia&parent=4415"}],"curies":[{"name":"wp","href":"https:\/\/api.w.org\/{rel}","templated":true}]}}