{"id":4409,"date":"2025-09-11T22:24:37","date_gmt":"2025-09-11T22:24:37","guid":{"rendered":"https:\/\/alpertuydes.com\/?page_id=4409"},"modified":"2026-03-23T23:21:05","modified_gmt":"2026-03-23T23:21:05","slug":"etkinlikler","status":"publish","type":"page","link":"https:\/\/alpertuydes.com\/?page_id=4409","title":{"rendered":"Etkinlikler"},"content":{"rendered":"<div class=\"wpb-content-wrapper\"><p>[vc_row full_width=&#8221;stretch_row&#8221; css=&#8221;.vc_custom_1767480709165{background-image: url(https:\/\/alpertuydes.com\/wp-content\/uploads\/2025\/08\/m4.jpg?id=4314) !important;background-position: center !important;background-repeat: no-repeat !important;background-size: cover !important;}&#8221;][vc_column][vc_empty_space height=&#8221;67px&#8221;][vc_message message_box_style=&#8221;solid&#8221; message_box_color=&#8221;danger&#8221; icon_fontawesome=&#8221;fa fa-solid fa-paw&#8221; css=&#8221;&#8221;]<\/p>\n<h3 style=\"text-align: center;\"><span style=\"font-family: \u201dsegoe UI;\">Alper T\u00fcyde\u015f | Etkinlikler<\/span><\/h3>\n<p>&nbsp;<\/p>\n<p><strong><u>Uluslararas\u0131 Etkinlikler<\/u><\/strong><\/p>\n<p>&#8211; Do\u011fa Derne\u011fi \u2013 18. Uluslararas\u0131 Ku\u015f Konferans\u0131 | Konu\u015fmac\u0131 \/ Moderat\u00f6r \u2013 2017<br \/>\n&#8211; Do\u011fa Derne\u011fi \u2013 20. Uluslararas\u0131 Ku\u015f Konferans\u0131 | Konu\u015fmac\u0131 \u2013 2023<br \/>\n&#8211; COP28 Birle\u015fmi\u015f Milletler \u0130klim De\u011fi\u015fikli\u011fi Zirvesi | Dubai \u2013 2023<br \/>\n&#8211; FAO Talks \u2013 Biyo\u00e7e\u015fitlilik ve Ekolojik Okuryazarl\u0131k Paneli | Konu\u015fmac\u0131 \u2013 Kars \u2013 2025<\/p>\n<p><strong><u>Festival, Sergi ve Kamusal Etkinlikler<\/u><\/strong><\/p>\n<p>&#8211; Bilecik Turizm \u00c7al\u0131\u015ftay\u0131 \u2013 Konu\u015fmac\u0131 &#8211; 2019<br \/>\n&#8211; Ankara CSO \u2013 Be\u015f Sohbetleri | Havadan, Sudan, Ku\u015ftan Sohbetleri &#8211; G\u00f6rsel Anlat\u0131 \u2013 2022<br \/>\n&#8211; Galataport \u2013 Do\u011fu\u015f Otomotiv Plus | Ger\u00e7ek Do\u011fa Hik\u00e2yeleri At\u00f6lye \u2013 2022\u20132023<br \/>\n&#8211; \u00dcsk\u00fcdar Belediyesi | \u0130mza G\u00fcn\u00fc &amp; S\u00f6yle\u015fi \u2013 2023<br \/>\n&#8211; Bursa K\u00fclt\u00fcr Yolu Festivali \u2013 S\u00f6yle\u015fi &#8211; 2024<br \/>\n&#8211; Band\u0131rma Uluslararas\u0131 Ku\u015f Cenneti Festivali \u2013 G\u00f6rsel Anlat\u0131 &#8211; 2024<br \/>\n&#8211; \u0130STA\u00c7 \u2013 \u00c7evre G\u00fcn\u00fc Etkinlikleri Gazhane \u2013 S\u00f6yle\u015fi &#8211; 2024<br \/>\n&#8211; \u0130stanbul Festival Park \u2013 Yarat\u0131c\u0131 \u00c7ocuk Festivali &#8211; \u0130mza G\u00fcn\u00fc \u2013 2024<br \/>\n&#8211; Rami K\u00fct\u00fcphanesi | Ger\u00e7ek Do\u011fa Hik\u00e2yeleri G\u00f6rsel Anlat\u0131 &#8211; 2024<br \/>\n&#8211; Antalya Akra Talks | Ger\u00e7ek Do\u011fa Hik\u00e2yeleri G\u00f6rsel Anlat\u0131- Mart 2026<\/p>\n<p><strong><u>\u00dcniversiteler &amp; E\u011fitim Kurumlar\u0131<\/u><\/strong><\/p>\n<p>&#8211; \u0130stanbul Teknik \u00dcniversitesi | S\u00f6yle\u015fi \u2013 2024<br \/>\n&#8211; Bursa Teknik \u00dcniversitesi | S\u00f6yle\u015fi \u2013 2024<br \/>\n&#8211; Ankara Gazi \u00dcniversitesi | Ku\u015f Konferans\u0131 &#8211; Konu\u015fmac\u0131 \u2013 2024<br \/>\n&#8211; Ankara Hacettepe \u00dcniversitesi | S\u00f6yle\u015fi \u2013 2024<br \/>\n&#8211; \u0130stanbul Saint-Joseph Frans\u0131z Lisesi | Ger\u00e7ek Do\u011fa Hik\u00e2yeleri G\u00f6rsel Anlat\u0131 &#8211; 2024<\/p>\n<p><strong><u>Sivil Toplum &amp; Kurumsal Toplant\u0131lar<\/u><\/strong><\/p>\n<p>&#8211; TEMA Vakf\u0131 \u2013 Saha Koordinasyon Toplant\u0131s\u0131 | Ger\u00e7ek Do\u011fa Hikayeleri G\u00f6rsel Anlat\u0131 \u2013 2022<br \/>\n&#8211; TEMA Vakf\u0131 \u2013 \u201cDo\u011fa ve \u0130nsan: Birlikte Ya\u015fam\u0131n Yollar\u0131\u201d | G\u00f6rsel Anlat\u0131 \u2013 2024<br \/>\n&#8211; TEMA Vakf\u0131 \u2013 Gen\u00e7 TEMA Koordinasyon Toplant\u0131s\u0131 \u2013 Konu\u015fmac\u0131 &#8211; 2024[\/vc_message][vc_empty_space height=&#8221;67px&#8221;][\/vc_column][\/vc_row]<\/p>\n<\/div>","protected":false},"excerpt":{"rendered":"<p>[vc_row full_width=&#8221;stretch_row&#8221; css=&#8221;.vc_custom_1767480709165{background-image: url(https:\/\/alpertuydes.com\/wp-content\/uploads\/2025\/08\/m4.jpg?id=4314) !important;background-position: center !important;background-repeat: no-repeat !important;background-size: cover !important;}&#8221;][vc_column][vc_empty_space height=&#8221;67px&#8221;][vc_message message_box_style=&#8221;solid&#8221; message_box_color=&#8221;danger&#8221; icon_fontawesome=&#8221;fa fa-solid fa-paw&#8221; css=&#8221;&#8221;] Alper T\u00fcyde\u015f | Etkinlikler &nbsp; Uluslararas\u0131 Etkinlikler &#8211; Do\u011fa Derne\u011fi \u2013 18. Uluslararas\u0131 Ku\u015f Konferans\u0131 | Konu\u015fmac\u0131 \/ Moderat\u00f6r \u2013 2017 &#8211; Do\u011fa Derne\u011fi \u2013 20. Uluslararas\u0131 Ku\u015f Konferans\u0131 | Konu\u015fmac\u0131 \u2013 2023 &#8211; COP28 Birle\u015fmi\u015f Milletler [&hellip;]<\/p>\n","protected":false},"author":1,"featured_media":4298,"parent":0,"menu_order":0,"comment_status":"closed","ping_status":"closed","template":"","meta":{"footnotes":""},"class_list":["post-4409","page","type-page","status-publish","has-post-thumbnail","hentry"],"_links":{"self":[{"href":"https:\/\/alpertuydes.com\/index.php?rest_route=\/wp\/v2\/pages\/4409","targetHints":{"allow":["GET"]}}],"collection":[{"href":"https:\/\/alpertuydes.com\/index.php?rest_route=\/wp\/v2\/pages"}],"about":[{"href":"https:\/\/alpertuydes.com\/index.php?rest_route=\/wp\/v2\/types\/page"}],"author":[{"embeddable":true,"href":"https:\/\/alpertuydes.com\/index.php?rest_route=\/wp\/v2\/users\/1"}],"replies":[{"embeddable":true,"href":"https:\/\/alpertuydes.com\/index.php?rest_route=%2Fwp%2Fv2%2Fcomments&post=4409"}],"version-history":[{"count":13,"href":"https:\/\/alpertuydes.com\/index.php?rest_route=\/wp\/v2\/pages\/4409\/revisions"}],"predecessor-version":[{"id":5526,"href":"https:\/\/alpertuydes.com\/index.php?rest_route=\/wp\/v2\/pages\/4409\/revisions\/5526"}],"wp:featuredmedia":[{"embeddable":true,"href":"https:\/\/alpertuydes.com\/index.php?rest_route=\/wp\/v2\/media\/4298"}],"wp:attachment":[{"href":"https:\/\/alpertuydes.com\/index.php?rest_route=%2Fwp%2Fv2%2Fmedia&parent=4409"}],"curies":[{"name":"wp","href":"https:\/\/api.w.org\/{rel}","templated":true}]}}