{"id":4361,"date":"2025-09-11T21:49:38","date_gmt":"2025-09-11T21:49:38","guid":{"rendered":"https:\/\/alpertuydes.com\/?page_id=4361"},"modified":"2026-03-23T23:21:33","modified_gmt":"2026-03-23T23:21:33","slug":"basarilar","status":"publish","type":"page","link":"https:\/\/alpertuydes.com\/?page_id=4361","title":{"rendered":"Ba\u015far\u0131lar"},"content":{"rendered":"<div class=\"wpb-content-wrapper\"><p>[vc_row full_width=&#8221;stretch_row&#8221; css=&#8221;.vc_custom_1767480709165{background-image: url(https:\/\/alpertuydes.com\/wp-content\/uploads\/2025\/08\/m4.jpg?id=4314) !important;background-position: center !important;background-repeat: no-repeat !important;background-size: cover !important;}&#8221;][vc_column][vc_empty_space height=&#8221;67px&#8221;][vc_message message_box_style=&#8221;solid&#8221; message_box_color=&#8221;danger&#8221; icon_fontawesome=&#8221;fa fa-solid fa-gift&#8221; css=&#8221;&#8221;]<\/p>\n<h3 style=\"text-align: center;\"><span style=\"font-family: \u201dsegoe UI;\">Alper T\u00fcyde\u015f | Ba\u015far\u0131lar &amp; \u00d6d\u00fcller<\/span><\/h3>\n<p>&nbsp;<\/p>\n<p style=\"text-align: left;\"><strong><u>Ulusal \u00d6d\u00fcller<\/u><\/strong><\/p>\n<p>&#8211; AKA Ankara Foto\u011fraf Yar\u0131\u015fmas\u0131 | 2.\u2019lik \u2013 2017<br \/>\n&#8211; Bursa\u2019n\u0131n G\u00f6rsel Hazineleri &#8216;Photo Graphic&#8217; Foto\u011fraf Yar\u0131\u015fmas\u0131 | Hik\u00e2ye Dal\u0131 1.\u2019lik \u2013 2018<br \/>\n&#8211; Bursa Gazeteciler Cemiyeti Bas\u0131n \u00d6d\u00fclleri | En \u0130yi Haber Foto\u011fraf\u0131 \u2013 2018<br \/>\n&#8211; Bursa Gazeteciler Cemiyeti Bas\u0131n \u00d6d\u00fclleri | En \u0130yi TV G\u00f6r\u00fcnt\u00fcs\u00fc \u2013 2020<br \/>\n&#8211; Bursa Gazeteciler Cemiyeti Bas\u0131n \u00d6d\u00fclleri | En \u0130yi Haber Foto\u011fraf\u0131 \u2013 2020<br \/>\n&#8211; Foton Derne\u011fi | Y\u0131l\u0131n Ku\u015f Foto\u011fraf\u00e7\u0131s\u0131 \u2013 2022<br \/>\n&#8211; Toplumsal Fayda \u00d6d\u00fclleri | Sa\u011fl\u0131k Kategorisi Birincisi \u2013 Nadirler Sergisi Projesi \u2013 2025<br \/>\n&#8211; \u0130spanya \u2013 Malpartida Uluslararas\u0131 Foto\u011fraf Yar\u0131\u015fmas\u0131 | Birincilik \u2013 2025<br \/>\n&#8211; T\u00fcrkiye Foto Muhabirleri Derne\u011fi | &#8217;24 Y\u0131l\u0131n Bas\u0131n Foto\u011fraflar\u0131 \u00c7evre Kategorisi 2.&#8217;si | 2025<\/p>\n<h3><\/h3>\n<p><strong><u>Uluslararas\u0131 \u00d6d\u00fcller &amp; Sergilemeler<\/u><\/strong><\/p>\n<p>&#8211; \u0130spanya \u2013 Malpartida Uluslararas\u0131 Foto\u011fraf Yar\u0131\u015fmas\u0131 | Sergileme (2 eser) \u2013 2022<br \/>\n&#8211; \u0130spanya \u2013 Malpartida Uluslararas\u0131 Foto\u011fraf Yar\u0131\u015fmas\u0131 | Sergileme (2 eser) \u2013 2024<br \/>\n&#8211; Zimbabve \u2013 Ramsar COP15 Toplant\u0131s\u0131 | Sulak Alanlar Se\u00e7kisi Sergileme \u2013 2025[\/vc_message][vc_empty_space height=&#8221;67px&#8221;][\/vc_column][\/vc_row]<\/p>\n<\/div>","protected":false},"excerpt":{"rendered":"<p>[vc_row full_width=&#8221;stretch_row&#8221; css=&#8221;.vc_custom_1767480709165{background-image: url(https:\/\/alpertuydes.com\/wp-content\/uploads\/2025\/08\/m4.jpg?id=4314) !important;background-position: center !important;background-repeat: no-repeat !important;background-size: cover !important;}&#8221;][vc_column][vc_empty_space height=&#8221;67px&#8221;][vc_message message_box_style=&#8221;solid&#8221; message_box_color=&#8221;danger&#8221; icon_fontawesome=&#8221;fa fa-solid fa-gift&#8221; css=&#8221;&#8221;] Alper T\u00fcyde\u015f | Ba\u015far\u0131lar &amp; \u00d6d\u00fcller &nbsp; Ulusal \u00d6d\u00fcller &#8211; AKA Ankara Foto\u011fraf Yar\u0131\u015fmas\u0131 | 2.\u2019lik \u2013 2017 &#8211; Bursa\u2019n\u0131n G\u00f6rsel Hazineleri &#8216;Photo Graphic&#8217; Foto\u011fraf Yar\u0131\u015fmas\u0131 | Hik\u00e2ye Dal\u0131 1.\u2019lik \u2013 2018 &#8211; Bursa Gazeteciler Cemiyeti Bas\u0131n [&hellip;]<\/p>\n","protected":false},"author":1,"featured_media":3825,"parent":0,"menu_order":0,"comment_status":"closed","ping_status":"closed","template":"","meta":{"footnotes":""},"class_list":["post-4361","page","type-page","status-publish","has-post-thumbnail","hentry"],"_links":{"self":[{"href":"https:\/\/alpertuydes.com\/index.php?rest_route=\/wp\/v2\/pages\/4361","targetHints":{"allow":["GET"]}}],"collection":[{"href":"https:\/\/alpertuydes.com\/index.php?rest_route=\/wp\/v2\/pages"}],"about":[{"href":"https:\/\/alpertuydes.com\/index.php?rest_route=\/wp\/v2\/types\/page"}],"author":[{"embeddable":true,"href":"https:\/\/alpertuydes.com\/index.php?rest_route=\/wp\/v2\/users\/1"}],"replies":[{"embeddable":true,"href":"https:\/\/alpertuydes.com\/index.php?rest_route=%2Fwp%2Fv2%2Fcomments&post=4361"}],"version-history":[{"count":71,"href":"https:\/\/alpertuydes.com\/index.php?rest_route=\/wp\/v2\/pages\/4361\/revisions"}],"predecessor-version":[{"id":5543,"href":"https:\/\/alpertuydes.com\/index.php?rest_route=\/wp\/v2\/pages\/4361\/revisions\/5543"}],"wp:featuredmedia":[{"embeddable":true,"href":"https:\/\/alpertuydes.com\/index.php?rest_route=\/wp\/v2\/media\/3825"}],"wp:attachment":[{"href":"https:\/\/alpertuydes.com\/index.php?rest_route=%2Fwp%2Fv2%2Fmedia&parent=4361"}],"curies":[{"name":"wp","href":"https:\/\/api.w.org\/{rel}","templated":true}]}}