{"id":2831,"date":"2017-04-05T12:31:59","date_gmt":"2017-04-05T12:31:59","guid":{"rendered":"https:\/\/napoli.foxthemes.me.1.8.0\/?page_id=2831"},"modified":"2026-03-23T23:08:43","modified_gmt":"2026-03-23T23:08:43","slug":"kitaplar","status":"publish","type":"page","link":"https:\/\/alpertuydes.com\/?page_id=2831","title":{"rendered":"Kitaplar\u0131m"},"content":{"rendered":"<div class=\"wpb-content-wrapper\"><p>[vc_row desctop_mb=&#8221;margin-lg-0b&#8221; tablets_mb=&#8221;margin-sm-35b&#8221; mobile_mb=&#8221;margin-xs-5b&#8221;][vc_column][vc_separator color=&#8221;pink&#8221; css=&#8221;&#8221;][\/vc_column][\/vc_row][vc_row desctop_mt=&#8221;margin-lg-0t&#8221; desctop_mb=&#8221;margin-lg-20b&#8221; tablets_mb=&#8221;margin-sm-20b&#8221; mobile_mb=&#8221;margin-xs-5b&#8221;][vc_column][napoli_custom_text_block style=&#8221;style2&#8243; size=&#8221;h6&#8243; title=&#8221;<\/p>\n<p><center>YABAN HAYATI FOTO\u011eRAF\u00c7ISI<\/center>&#8221; title2=&#8221;<\/p>\n<p><center>Alper T\u00fcyde\u015f K\u0130taplar\u0131<\/center>&#8220;]<\/p>\n<blockquote><p><strong>T\u00fcyde\u015f, bu zamana dek 5 kitap projesini hayata ge\u00e7irdi.<\/strong><\/p><\/blockquote>\n<p><strong><span style=\"color: black;\">Alper T\u00fcyde\u015f \u00f6zellikle \u00e7ocuk kitaplar\u0131nda do\u011fada kendi g\u00f6zlemledi\u011fi ve tecr\u00fcbe etti\u011fi ger\u00e7ek do\u011fa hik\u00e2yelerini keyifli bir anlat\u0131mla okuyusuna ula\u015ft\u0131rmay\u0131 hedefliyor. \u0130lk kitab\u0131 \u201cKurumu\u015f A\u011fa\u00e7lar\u201d, ormandaki \u00f6l\u00fc san\u0131lan a\u011fa\u00e7lar\u0131n, ya\u015fayan a\u011fa\u00e7lar kadar faydal\u0131 oldu\u011funu anlat\u0131rken ikinci \u00e7al\u0131\u015fmas\u0131 \u201cT\u00fcrkiye\u2019nin G\u00f6\u00e7men Ku\u015flar\u0131\u201dnda \u00e7evremizde g\u00f6rebilece\u011fimiz yabani ku\u015f t\u00fcrlerini foto\u011fraflar ve k\u0131sa bilgilerle tan\u0131t\u0131yor. \u00dc\u00e7\u00fcnc\u00fc kitab\u0131 \u201cMevsim Ku\u015flar\u0131\u201d, ku\u015flar\u0131n mevsimlerle olan ili\u015fkisine yer verirken kelebek foto\u011fraf\u00e7\u0131lar\u0131 Hakan Y\u0131ld\u0131r\u0131m ve Onat Ba\u015fyay ile birlikte \u201cT\u00fcrkiye\u2019nin Kelebekleri\u201d foto kitab\u0131n\u0131 da yay\u0131nlad\u0131.<\/span><\/strong><br \/>\n<strong><span style=\"color: black;\"><br \/>\nT\u00fcyde\u015f\u2019in be\u015finci kitab\u0131 ise milyonlar\u0131n g\u00f6nl\u00fcne taht kuran \u201cAdem Amca ve Yaren\u201d hik\u00e2yesi oldu. \u00c7ocuklara y\u00f6nelik haz\u0131rlad\u0131\u011f\u0131 bu kitaplar\u0131, yeti\u015fkinler de b\u00fcy\u00fck bir ilgiyle takip ediyor.<\/span><\/strong><br \/>\n<strong><span style=\"color: black;\"><br \/>\nT\u00fcm bunlar\u0131n yan\u0131nda T\u00fcrkiye Cumhuriyeti Cumhurba\u015fkanl\u0131\u011f\u0131 taraf\u0131ndan haz\u0131rlanan \u201cD\u00fcnya Ortak Evimiz\u201d kitap projesinde 28 \u00e7evre g\u00f6n\u00fcll\u00fcs\u00fcnden biri olarak yer ald\u0131. Elde edilecek gelirle Ege ve Akdeniz\u2019de yanan ormanlar\u0131n yeniden ye\u015fermesine katk\u0131 sa\u011flanan projede T\u00fcyde\u015f, kendi ilham verici \u00f6yk\u00fcs\u00fcn\u00fcn yan\u0131 s\u0131ra \u201cAdem Amca ve Yaren Leylek\u201d ile Venedik\u2019ten Bursa\u2019ya uzanan flamingolar\u0131n g\u00f6\u00e7 hik\u00e2yesini foto\u011fraf ve yaz\u0131larla aktard\u0131.<\/span><\/strong><br \/>\n<strong><span style=\"color: black;\"><br \/>\nT\u00fcyde\u015f&#8217;in konuk yazar oldu\u011fu bir di\u011fer kitap projesi ise Fibula Yay\u0131nc\u0131l\u0131k taraf\u0131ndan \u00e7\u0131kar\u0131lan \u201cS\u00f6z U\u00e7ar Sanat Kal\u0131r &#8211; Merakl\u0131s\u0131na Atas\u00f6z\u00fc Atlas\u0131\u201d \u00e7al\u0131\u015fmas\u0131 oldu.<\/span><\/strong>[\/napoli_custom_text_block][\/vc_column][\/vc_row][vc_row css=&#8221;.vc_custom_1755872656418{margin-right: -30px !important;margin-left: -30px !important;}&#8221;][vc_column offset=&#8221;vc_col-lg-4 vc_col-md-4 vc_col-xs-12&#8243;][napoli_services style=&#8221;image_style&#8221; editor_type=&#8221;editor&#8221; title_color=&#8221;#ffffff&#8221; desc_color=&#8221;#b9b7b4&#8243; bg_image=&#8221;3970&#8243;][\/napoli_services][\/vc_column][vc_column offset=&#8221;vc_col-lg-4 vc_col-md-4 vc_col-xs-12&#8243;][napoli_services style=&#8221;image_style&#8221; editor_type=&#8221;editor&#8221; title_color=&#8221;#ffffff&#8221; desc_color=&#8221;#b9b7b4&#8243; bg_image=&#8221;3986&#8243;][\/napoli_services][\/vc_column][vc_column offset=&#8221;vc_col-lg-4 vc_col-md-4 vc_col-xs-12&#8243;][napoli_services style=&#8221;image_style&#8221; editor_type=&#8221;editor&#8221; title_color=&#8221;#ffffff&#8221; desc_color=&#8221;#b9b7b4&#8243; bg_image=&#8221;3991&#8243;][\/napoli_services][\/vc_column][\/vc_row][vc_row desctop_mt=&#8221;margin-lg-20t&#8221; desctop_mb=&#8221;margin-lg-40b&#8221; tablets_mt=&#8221;margin-sm-40t&#8221; tablets_mb=&#8221;margin-sm-30b&#8221; desctop_pt=&#8221;padding-md-10t&#8221;][vc_column width=&#8221;1\/2&#8243;][napoli_services style=&#8221;image_style&#8221; editor_type=&#8221;editor&#8221; title_color=&#8221;#ffffff&#8221; desc_color=&#8221;#b9b7b4&#8243; bg_image=&#8221;4005&#8243;][\/napoli_services][\/vc_column][vc_column width=&#8221;1\/2&#8243;][napoli_services style=&#8221;image_style&#8221; editor_type=&#8221;editor&#8221; title_color=&#8221;#ffffff&#8221; desc_color=&#8221;#b9b7b4&#8243; bg_image=&#8221;4003&#8243;][\/napoli_services][\/vc_column][\/vc_row][vc_row disable_element=&#8221;yes&#8221; desctop_mt=&#8221;margin-lg-50t&#8221; tablets_mt=&#8221;margin-sm-30t&#8221; mobile_mt=&#8221;margin-xs-0t&#8221; css=&#8221;.vc_custom_1755872807062{margin-right: -30px !important;margin-left: -30px !important;}&#8221;][vc_column width=&#8221;1\/2&#8243; mobile_mb=&#8221;margin-xs-25b&#8221; offset=&#8221;vc_col-lg-4 vc_col-md-4 vc_col-xs-12&#8243;][vc_pricing bg_color=&#8221;#f0f0f0&#8243; color_mask=&#8221;#f0f0f0&#8243; title=&#8221;SIMPLE PACKAGE&#8221; subtitle=&#8221;STARTING FROM $70&#8243; button_link=&#8221;https:\/\/napoli.foxthemes.me\/contacts\/&#8221; button_text=&#8221;order plan&#8221; css=&#8221;.vc_custom_1623151033121{background-color: #f0f0f0 !important;}&#8221;]<\/p>\n<ul>\n<li>\u00a01 hours on location<\/li>\n<li>2 outfit changes<\/li>\n<li>20 images<\/li>\n<li>Lo-res images for web<\/li>\n<li>Hi-res images on CD<\/li>\n<\/ul>\n<p>[\/vc_pricing][\/vc_column][vc_column width=&#8221;1\/2&#8243; mobile_mb=&#8221;margin-xs-25b&#8221; offset=&#8221;vc_col-lg-4 vc_col-md-4 vc_col-xs-12&#8243;][vc_pricing bg_color=&#8221;#f0f0f0&#8243; color_mask=&#8221;#f0f0f0&#8243; title=&#8221;BIG PACKAGE&#8221; subtitle=&#8221;STARTING FROM $200&#8243; button_link=&#8221;https:\/\/napoli.foxthemes.me\/contacts\/&#8221; button_text=&#8221;order plan&#8221; css=&#8221;.vc_custom_1623151041376{background-color: #f0f0f0 !important;}&#8221;]<\/p>\n<ul>\n<li>\u00a04 hours on location<\/li>\n<li>2 photographers<\/li>\n<li>80 images<\/li>\n<li>Lo-res images for web<\/li>\n<li>Hi-res images on CD<\/li>\n<\/ul>\n<p>[\/vc_pricing][\/vc_column][vc_column width=&#8221;1\/2&#8243; tablets_mt=&#8221;margin-sm-30t&#8221; mobile_mt=&#8221;margin-xs-0t&#8221; offset=&#8221;vc_col-lg-offset-0 vc_col-lg-4 vc_col-md-offset-0 vc_col-md-4 vc_col-sm-offset-3 vc_col-xs-12&#8243;][vc_pricing bg_color=&#8221;#f0f0f0&#8243; color_mask=&#8221;#f0f0f0&#8243; title=&#8221;GOLD PACKAGE&#8221; subtitle=&#8221;STARTING FROM $500&#8243; button_link=&#8221;https:\/\/napoli.foxthemes.me\/contacts\/&#8221; button_text=&#8221;order plan&#8221; css=&#8221;.vc_custom_1623151057567{background-color: #f0f0f0 !important;}&#8221;]<\/p>\n<ul>\n<li>\u00a0All day\u00a0on location<\/li>\n<li>3 photographers<\/li>\n<li>200 images<\/li>\n<li>Hi-res images for web<\/li>\n<li>Hi-res images on CD<\/li>\n<\/ul>\n<p>[\/vc_pricing][\/vc_column][\/vc_row][vc_row desctop_mb=&#8221;margin-lg-0b&#8221; tablets_mb=&#8221;margin-sm-35b&#8221; mobile_mb=&#8221;margin-xs-5b&#8221;][vc_column][vc_separator color=&#8221;blue&#8221; css=&#8221;&#8221;][\/vc_column][\/vc_row]<\/p>\n<\/div>","protected":false},"excerpt":{"rendered":"<p>[vc_row desctop_mb=&#8221;margin-lg-0b&#8221; tablets_mb=&#8221;margin-sm-35b&#8221; mobile_mb=&#8221;margin-xs-5b&#8221;][vc_column][vc_separator color=&#8221;pink&#8221; css=&#8221;&#8221;][\/vc_column][\/vc_row][vc_row desctop_mt=&#8221;margin-lg-0t&#8221; desctop_mb=&#8221;margin-lg-20b&#8221; tablets_mb=&#8221;margin-sm-20b&#8221; mobile_mb=&#8221;margin-xs-5b&#8221;][vc_column][napoli_custom_text_block style=&#8221;style2&#8243; size=&#8221;h6&#8243; title=&#8221; YABAN HAYATI FOTO\u011eRAF\u00c7ISI&#8221; title2=&#8221; Alper T\u00fcyde\u015f K\u0130taplar\u0131&#8220;] T\u00fcyde\u015f, bu zamana dek 5 kitap projesini hayata ge\u00e7irdi. Alper T\u00fcyde\u015f \u00f6zellikle \u00e7ocuk kitaplar\u0131nda do\u011fada kendi g\u00f6zlemledi\u011fi ve tecr\u00fcbe etti\u011fi ger\u00e7ek do\u011fa hik\u00e2yelerini keyifli bir anlat\u0131mla okuyusuna ula\u015ft\u0131rmay\u0131 hedefliyor. \u0130lk kitab\u0131 \u201cKurumu\u015f A\u011fa\u00e7lar\u201d, ormandaki \u00f6l\u00fc [&hellip;]<\/p>\n","protected":false},"author":1,"featured_media":0,"parent":0,"menu_order":0,"comment_status":"closed","ping_status":"closed","template":"","meta":{"footnotes":""},"class_list":["post-2831","page","type-page","status-publish","hentry"],"_links":{"self":[{"href":"https:\/\/alpertuydes.com\/index.php?rest_route=\/wp\/v2\/pages\/2831","targetHints":{"allow":["GET"]}}],"collection":[{"href":"https:\/\/alpertuydes.com\/index.php?rest_route=\/wp\/v2\/pages"}],"about":[{"href":"https:\/\/alpertuydes.com\/index.php?rest_route=\/wp\/v2\/types\/page"}],"author":[{"embeddable":true,"href":"https:\/\/alpertuydes.com\/index.php?rest_route=\/wp\/v2\/users\/1"}],"replies":[{"embeddable":true,"href":"https:\/\/alpertuydes.com\/index.php?rest_route=%2Fwp%2Fv2%2Fcomments&post=2831"}],"version-history":[{"count":85,"href":"https:\/\/alpertuydes.com\/index.php?rest_route=\/wp\/v2\/pages\/2831\/revisions"}],"predecessor-version":[{"id":3961,"href":"https:\/\/alpertuydes.com\/index.php?rest_route=\/wp\/v2\/pages\/2831\/revisions\/3961"}],"wp:attachment":[{"href":"https:\/\/alpertuydes.com\/index.php?rest_route=%2Fwp%2Fv2%2Fmedia&parent=2831"}],"curies":[{"name":"wp","href":"https:\/\/api.w.org\/{rel}","templated":true}]}}