{"id":216,"date":"2015-06-17T12:59:18","date_gmt":"2015-06-17T09:59:18","guid":{"rendered":"https:\/\/napoli.foxthemes.me\/?page_id=216"},"modified":"2025-12-14T00:06:14","modified_gmt":"2025-12-14T00:06:14","slug":"iletisim","status":"publish","type":"page","link":"https:\/\/alpertuydes.com\/?page_id=216","title":{"rendered":"\u0130leti\u015fim"},"content":{"rendered":"<div class=\"wpb-content-wrapper\"><p>[vc_row desctop_mb=&#8221;margin-lg-0b&#8221; tablets_mb=&#8221;margin-sm-35b&#8221; mobile_mb=&#8221;margin-xs-5b&#8221;][vc_column][vc_separator color=&#8221;pink&#8221; css=&#8221;&#8221;][\/vc_column][\/vc_row][vc_row desctop_mb=&#8221;margin-lg-40b&#8221;][vc_column][napoli_title title=&#8221;Alper T\u00fcyde\u015f&#8221; subtitle=&#8221;Do\u011fa ve Ku\u015f Foto\u011fraf\u00e7\u0131s\u0131&#8221;][\/vc_column][\/vc_row][vc_row css=&#8221;.vc_custom_1765670613273{background-color: #F2F2F2 !important;}&#8221;][vc_column][vc_text_separator title=&#8221;\u0130leti\u015fim Bilgileri&#8221; i_icon_fontawesome=&#8221;fa fa-regular fa-envelope&#8221; i_color=&#8221;custom&#8221; color=&#8221;turquoise&#8221; border_width=&#8221;2&#8243; css=&#8221;&#8221; add_icon=&#8221;true&#8221; i_custom_color=&#8221;#1E73BE&#8221;][\/vc_column][\/vc_row][vc_row desctop_mb=&#8221;margin-lg-40b&#8221; css=&#8221;.vc_custom_1755885008631{background-color: #F2F2F2 !important;}&#8221;][vc_column width=&#8221;1\/2&#8243;][napoli_contacts color_style=&#8221;light&#8221;]<\/p>\n<h3><img loading=\"lazy\" decoding=\"async\" class=\"wp-image-4074 alignleft\" src=\"https:\/\/alpertuydes.com\/wp-content\/uploads\/2025\/08\/mail1.png\" alt=\"\" width=\"33\" height=\"45\" \/>E-Posta:<\/h3>\n<p>alpertuydes@gmail.com[\/napoli_contacts][vc_separator css=&#8221;&#8221;][\/vc_column][vc_column width=&#8221;1\/2&#8243;][vc_custom_heading text=&#8221;Sosyal Medya Hesaplar\u0131&#8221; font_container=&#8221;tag:h4|text_align:center&#8221; google_fonts=&#8221;font_family:Alike%3Aregular|font_style:400%20regular%3A400%3Anormal&#8221; css=&#8221;&#8221;][vc_empty_space height=&#8221;15px&#8221;][vc_message message_box_color=&#8221;pink&#8221; icon_fontawesome=&#8221;fa fa-brands fa-instagram&#8221; css=&#8221;&#8221;]<a href=\"https:\/\/www.instagram.com\/alpertuydes\/\" target=\"_blank\" rel=\"noopener\">instagram.com\/alpertuydes\/<\/a>[\/vc_message][vc_message message_box_color=&#8221;blue&#8221; icon_fontawesome=&#8221;fa fa-brands fa-square-facebook&#8221; css=&#8221;&#8221;]<a href=\"https:\/\/www.facebook.com\/alperTF\/\" target=\"_blank\" rel=\"noopener\">facebook.com\/alperTF\/<\/a>[\/vc_message][vc_message message_box_color=&#8221;turquoise&#8221; icon_fontawesome=&#8221;fa fa-brands fa-square-x-twitter&#8221; css=&#8221;&#8221;]<a href=\"https:\/\/x.com\/alpertuydes\" target=\"_blank\" rel=\"noopener\">x.com\/alpertuydes<\/a>[\/vc_message][vc_message message_box_color=&#8221;juicy_pink&#8221; icon_fontawesome=&#8221;fa fa-brands fa-youtube&#8221; css=&#8221;&#8221;]<a href=\"https:\/\/www.youtube.com\/channel\/UCxf5jYPXq077zzHYLR8i2AQ\" target=\"_blank\" rel=\"noopener\">youtube.com\/channel\/UCxf5jYPXq077zzHYLR8i2AQ<\/a>[\/vc_message][vc_message message_box_color=&#8221;blue&#8221; icon_fontawesome=&#8221;fa fa-brands fa-linkedin-in&#8221; css=&#8221;&#8221;]<a href=\"https:\/\/tr.linkedin.com\/in\/alper-t%C3%BCyde%C5%9F-5b51bb49\" target=\"_blank\" rel=\"noopener\">tr.linkedin.com\/in\/alper-t<\/a>[\/vc_message][\/vc_column][\/vc_row][vc_row desctop_mb=&#8221;margin-lg-40b&#8221;][vc_column][\/vc_column][\/vc_row]<\/p>\n<\/div>","protected":false},"excerpt":{"rendered":"<p>[vc_row desctop_mb=&#8221;margin-lg-0b&#8221; tablets_mb=&#8221;margin-sm-35b&#8221; mobile_mb=&#8221;margin-xs-5b&#8221;][vc_column][vc_separator color=&#8221;pink&#8221; css=&#8221;&#8221;][\/vc_column][\/vc_row][vc_row desctop_mb=&#8221;margin-lg-40b&#8221;][vc_column][napoli_title title=&#8221;Alper T\u00fcyde\u015f&#8221; subtitle=&#8221;Do\u011fa ve Ku\u015f Foto\u011fraf\u00e7\u0131s\u0131&#8221;][\/vc_column][\/vc_row][vc_row css=&#8221;.vc_custom_1765670613273{background-color: #F2F2F2 !important;}&#8221;][vc_column][vc_text_separator title=&#8221;\u0130leti\u015fim Bilgileri&#8221; i_icon_fontawesome=&#8221;fa fa-regular fa-envelope&#8221; i_color=&#8221;custom&#8221; color=&#8221;turquoise&#8221; border_width=&#8221;2&#8243; css=&#8221;&#8221; add_icon=&#8221;true&#8221; i_custom_color=&#8221;#1E73BE&#8221;][\/vc_column][\/vc_row][vc_row desctop_mb=&#8221;margin-lg-40b&#8221; css=&#8221;.vc_custom_1755885008631{background-color: #F2F2F2 !important;}&#8221;][vc_column width=&#8221;1\/2&#8243;][napoli_contacts color_style=&#8221;light&#8221;] E-Posta: alpertuydes@gmail.com[\/napoli_contacts][vc_separator css=&#8221;&#8221;][\/vc_column][vc_column width=&#8221;1\/2&#8243;][vc_custom_heading text=&#8221;Sosyal Medya Hesaplar\u0131&#8221; font_container=&#8221;tag:h4|text_align:center&#8221; google_fonts=&#8221;font_family:Alike%3Aregular|font_style:400%20regular%3A400%3Anormal&#8221; css=&#8221;&#8221;][vc_empty_space height=&#8221;15px&#8221;][vc_message message_box_color=&#8221;pink&#8221; icon_fontawesome=&#8221;fa fa-brands fa-instagram&#8221; css=&#8221;&#8221;]instagram.com\/alpertuydes\/[\/vc_message][vc_message message_box_color=&#8221;blue&#8221; icon_fontawesome=&#8221;fa fa-brands fa-square-facebook&#8221; css=&#8221;&#8221;]facebook.com\/alperTF\/[\/vc_message][vc_message message_box_color=&#8221;turquoise&#8221; [&hellip;]<\/p>\n","protected":false},"author":1,"featured_media":0,"parent":0,"menu_order":4,"comment_status":"closed","ping_status":"closed","template":"","meta":{"footnotes":""},"class_list":["post-216","page","type-page","status-publish","hentry"],"_links":{"self":[{"href":"https:\/\/alpertuydes.com\/index.php?rest_route=\/wp\/v2\/pages\/216","targetHints":{"allow":["GET"]}}],"collection":[{"href":"https:\/\/alpertuydes.com\/index.php?rest_route=\/wp\/v2\/pages"}],"about":[{"href":"https:\/\/alpertuydes.com\/index.php?rest_route=\/wp\/v2\/types\/page"}],"author":[{"embeddable":true,"href":"https:\/\/alpertuydes.com\/index.php?rest_route=\/wp\/v2\/users\/1"}],"replies":[{"embeddable":true,"href":"https:\/\/alpertuydes.com\/index.php?rest_route=%2Fwp%2Fv2%2Fcomments&post=216"}],"version-history":[{"count":104,"href":"https:\/\/alpertuydes.com\/index.php?rest_route=\/wp\/v2\/pages\/216\/revisions"}],"predecessor-version":[{"id":5410,"href":"https:\/\/alpertuydes.com\/index.php?rest_route=\/wp\/v2\/pages\/216\/revisions\/5410"}],"wp:attachment":[{"href":"https:\/\/alpertuydes.com\/index.php?rest_route=%2Fwp%2Fv2%2Fmedia&parent=216"}],"curies":[{"name":"wp","href":"https:\/\/api.w.org\/{rel}","templated":true}]}}