{"id":490,"date":"2016-08-31T11:19:38","date_gmt":"2016-08-31T11:19:38","guid":{"rendered":"https:\/\/napoli.foxthemes.me\/?page_id=490"},"modified":"2026-03-26T13:29:12","modified_gmt":"2026-03-26T13:29:12","slug":"about-me","status":"publish","type":"page","link":"https:\/\/alpertuydes.com\/en\/?page_id=490","title":{"rendered":"About Me"},"content":{"rendered":"<div class=\"wpb-content-wrapper\"><p>[vc_row desctop_mb=&#8221;margin-lg-10b&#8221; tablets_mb=&#8221;margin-sm-35b&#8221; mobile_mb=&#8221;margin-xs-5b&#8221;][vc_column][vc_separator color=&#8221;pink&#8221; css=&#8221;&#8221;][\/vc_column][\/vc_row][vc_row css=&#8221;.vc_custom_1755804961229{background-color: #F2F2F2 !important;}&#8221;][vc_column][napoli_custom_text_block size=&#8221;h6&#8243; title=&#8221;<\/p>\n<p><center>Wildlife Photographer<\/center>&#8221; title2=&#8221;<\/p>\n<p><center>Alper T\u00fcyde\u015f<\/center>&#8220;]<span style=\"color: black;\">Alper T\u00fcyde\u015f, born in 1989 in Bursa \/ Karacabey, is a nature and wildlife photographer and a graduate of Hatay Mustafa Kemal University\u2019s Internet Journalism and Publishing program. He has been photographing since 2000, and since 2012 has focused primarily on wildlife photography. His work has been featured in prestigious outlets such as National Geographic Turkey, The Guardian, The Times, and The Atlantic, and he has been the subject of an article in <em>The New York Times<\/em>.<\/span><br \/>\n<span style=\"color: black;\"><br \/>\nIn his professional career, T\u00fcyde\u015f gained television experience at HRT Akdeniz TV (2009-2011) and participated in various films, TV programs, and documentaries as an actor, consultant, or host. He hosted the TRT Documentary <em>Our Mission: Birds<\/em>.<\/span><br \/>\n<span style=\"color: black;\"><br \/>\nT\u00fcyde\u015f has authored several books to promote nature awareness, including <em>Dried Trees<\/em>, <em>Seasonal Birds<\/em>, <em>Turkey\u2019s Migratory Birds<\/em>, <em>Turkey\u2019s Butterflies<\/em>, and <em>Uncle Adem and Yaren<\/em>, bringing nature stories to children and adults alike.<\/span>[\/napoli_custom_text_block][\/vc_column][\/vc_row][vc_row css=&#8221;.vc_custom_1755802332202{background-color: #F2F2F2 !important;}&#8221;][vc_column][vc_raw_html css=&#8221;&#8221;]JTNDaWZyYW1lJTIwdGl0bGUlM0QlMjJZb3VUdWJlJTIwdmlkZW8lMjBwbGF5ZXIlMjIlMjBzcmMlM0QlMjJodHRwcyUzQSUyRiUyRnd3dy55b3V0dWJlLmNvbSUyRmVtYmVkJTJGdmNGbDJpb3E4S0klM0ZzaSUzRFd5dllhcEpPdEIxbDVoN2wlMjIlMjB3aWR0aCUzRCUyMjUwMCUyMiUyMGhlaWdodCUzRCUyMjI0MCUyMiUyMGZyYW1lYm9yZGVyJTNEJTIyMCUyMiUyMGFsbG93ZnVsbHNjcmVlbiUzRCUyMmFsbG93ZnVsbHNjcmVlbiUyMiUzRSUzQyUyRmlmcmFtZSUzRQ==[\/vc_raw_html][napoli_custom_text_block]<span style=\"color: black;\">Through his exhibitions, he has shared his work with the public in Hatay, Karacabey, and Bursa. In 2022, his interactive exhibition <em>Istanbul Birds<\/em> at Galataport Istanbul presented wildlife photography through animation and narration, offering an immersive experience.<\/span><br \/>\n<span style=\"color: black;\"><br \/>\nHe has educated over 10,000 students about nature and birdwatching through workshops, seminars, and school programs. Additionally, during the Perseid Meteor Shower observation events he organized in Karacabey for five consecutive years, he welcomed over 20,000 participants at once, creating a shared experience under the night sky. Every autumn, thousands of nature enthusiasts join his <em>Birds of Prey Migration<\/em> observation event in Istanbul.<\/span><br \/>\n<span style=\"color: black;\"><br \/>\nT\u00fcyde\u015f has also actively collaborated with major national and international wildlife organizations. His projects around Karacabey and Lake Uluabat contribute to ecotourism and environmental awareness. His work also emphasizes the protection of rare species, documentation of historic trees, and cultural heritage preservation.<\/span>[\/napoli_custom_text_block][\/vc_column][\/vc_row][vc_row disable_element=&#8221;yes&#8221; desctop_mt=&#8221;margin-lg-45t&#8221; mobile_mt=&#8221;margin-xs-5t&#8221; css=&#8221;.vc_custom_1756108638480{margin-right: -30px !important;margin-left: -30px !important;}&#8221;][vc_column width=&#8221;1\/3&#8243; offset=&#8221;vc_col-lg-4 vc_col-md-4 vc_col-xs-12&#8243;][napoli_services title=&#8221;Studio&#8221; image=&#8221;893&#8243; text=&#8221;Nam odio metus, tristique in dolor faucib efficitur.&#8221;][\/napoli_services][\/vc_column][vc_column width=&#8221;1\/3&#8243; offset=&#8221;vc_col-lg-4 vc_col-md-4 vc_col-xs-12&#8243;][napoli_services title=&#8221;Portraits&#8221; image=&#8221;894&#8243; text=&#8221;Nam odio metus, tristique in dolor faucib efficitur.&#8221;][\/napoli_services][\/vc_column][vc_column width=&#8221;1\/3&#8243; offset=&#8221;vc_col-lg-4 vc_col-md-4 vc_col-xs-12&#8243;][napoli_services title=&#8221;Wedding&#8221; image=&#8221;895&#8243; text=&#8221;Nam odio metus, tristique in dolor faucib efficitur.&#8221;][\/napoli_services][\/vc_column][\/vc_row]<\/p>\n<\/div>","protected":false},"excerpt":{"rendered":"<p>[vc_row desctop_mb=&#8221;margin-lg-10b&#8221; tablets_mb=&#8221;margin-sm-35b&#8221; mobile_mb=&#8221;margin-xs-5b&#8221;][vc_column][vc_separator color=&#8221;pink&#8221; css=&#8221;&#8221;][\/vc_column][\/vc_row][vc_row css=&#8221;.vc_custom_1755804961229{background-color: #F2F2F2 !important;}&#8221;][vc_column][napoli_custom_text_block size=&#8221;h6&#8243; title=&#8221; Wildlife Photographer&#8221; title2=&#8221; Alper T\u00fcyde\u015f&#8220;]Alper T\u00fcyde\u015f, born in 1989 in Bursa \/ Karacabey, is a nature and wildlife photographer and a graduate of Hatay Mustafa Kemal University\u2019s Internet Journalism and Publishing program. He has been photographing since 2000, and since 2012 has focused primarily [&hellip;]<\/p>\n","protected":false},"author":1,"featured_media":0,"parent":0,"menu_order":0,"comment_status":"closed","ping_status":"closed","template":"","meta":{"footnotes":""},"class_list":["post-490","page","type-page","status-publish","hentry"],"_links":{"self":[{"href":"https:\/\/alpertuydes.com\/en\/index.php?rest_route=\/wp\/v2\/pages\/490","targetHints":{"allow":["GET"]}}],"collection":[{"href":"https:\/\/alpertuydes.com\/en\/index.php?rest_route=\/wp\/v2\/pages"}],"about":[{"href":"https:\/\/alpertuydes.com\/en\/index.php?rest_route=\/wp\/v2\/types\/page"}],"author":[{"embeddable":true,"href":"https:\/\/alpertuydes.com\/en\/index.php?rest_route=\/wp\/v2\/users\/1"}],"replies":[{"embeddable":true,"href":"https:\/\/alpertuydes.com\/en\/index.php?rest_route=%2Fwp%2Fv2%2Fcomments&post=490"}],"version-history":[{"count":123,"href":"https:\/\/alpertuydes.com\/en\/index.php?rest_route=\/wp\/v2\/pages\/490\/revisions"}],"predecessor-version":[{"id":5584,"href":"https:\/\/alpertuydes.com\/en\/index.php?rest_route=\/wp\/v2\/pages\/490\/revisions\/5584"}],"wp:attachment":[{"href":"https:\/\/alpertuydes.com\/en\/index.php?rest_route=%2Fwp%2Fv2%2Fmedia&parent=490"}],"curies":[{"name":"wp","href":"https:\/\/api.w.org\/{rel}","templated":true}]}}