{"id":4421,"date":"2025-09-11T22:53:06","date_gmt":"2025-09-11T22:53:06","guid":{"rendered":"https:\/\/alpertuydes.com\/en\/?page_id=4421"},"modified":"2026-03-26T13:39:21","modified_gmt":"2026-03-26T13:39:21","slug":"productions","status":"publish","type":"page","link":"https:\/\/alpertuydes.com\/en\/?page_id=4421","title":{"rendered":"Productions"},"content":{"rendered":"<div class=\"wpb-content-wrapper\"><p>[vc_row full_width=&#8221;stretch_row&#8221; css=&#8221;.vc_custom_1767480709165{background-image: url(https:\/\/alpertuydes.com\/en\/wp-content\/uploads\/2025\/08\/m4.jpg?id=4314) !important;background-position: center !important;background-repeat: no-repeat !important;background-size: cover !important;}&#8221;][vc_column][vc_empty_space height=&#8221;67px&#8221;][vc_message message_box_style=&#8221;solid&#8221; message_box_color=&#8221;danger&#8221; icon_fontawesome=&#8221;fa fa-solid fa-video&#8221; css=&#8221;&#8221;]<\/p>\n<h3 style=\"text-align: center;\"><span style=\"font-family: \u201dsegoe UI;\">Alper T\u00fcyde\u015f | <strong>Productions<\/strong><\/span><\/h3>\n<p>&nbsp;<\/p>\n<p>\u2013 Hidden Paradise: Karacabey Longoz \u2013 Documentary Film \u2013 2015<br \/>\n\u2013 Yaren \u2013 Documentary Film \u2013 2019<br \/>\n\u2013 Yery\u00fczleri: Alper T\u00fcyde\u015f \u2013 Biographical Program \u2013 TRT 2 \u2013 2021<br \/>\n\u2013 \u015eimdi Ya da Asla \u2013 Biographical Program \u2013 beIN Connect \u2013 2021<br \/>\n\u2013 Bir Daha Asla \u2013 Biographical Program \u2013 Gain \u2013 2021<br \/>\n\u2013 Karacabey Longozu \u2013 Documentary Film \u2013 2022<br \/>\n\u2013 Yaren Leylek \u2013 Feature Film \u2013 2023<br \/>\n\u2013 Anatolian Ancient Nature \u2013 Documentary Film \u2013 2024<br \/>\n\u2013 Our Mission: Birds (TRT Documentary) \u2013 TV Program \u2013 2024<br \/>\n\u2013 Salda \u2013 Documentary Film \u2013 2024<br \/>\n\u2013 Conversations from Air, Water, and Birds \u2013 YouTube \u2013 2024[\/vc_message][vc_empty_space height=&#8221;67px&#8221;][\/vc_column][\/vc_row]<\/p>\n<\/div>","protected":false},"excerpt":{"rendered":"<p>[vc_row full_width=&#8221;stretch_row&#8221; css=&#8221;.vc_custom_1767480709165{background-image: url(https:\/\/alpertuydes.com\/en\/wp-content\/uploads\/2025\/08\/m4.jpg?id=4314) !important;background-position: center !important;background-repeat: no-repeat !important;background-size: cover !important;}&#8221;][vc_column][vc_empty_space height=&#8221;67px&#8221;][vc_message message_box_style=&#8221;solid&#8221; message_box_color=&#8221;danger&#8221; icon_fontawesome=&#8221;fa fa-solid fa-video&#8221; css=&#8221;&#8221;] Alper T\u00fcyde\u015f | Productions &nbsp; \u2013 Hidden Paradise: Karacabey Longoz \u2013 Documentary Film \u2013 2015 \u2013 Yaren \u2013 Documentary Film \u2013 2019 \u2013 Yery\u00fczleri: Alper T\u00fcyde\u015f \u2013 Biographical Program \u2013 TRT 2 \u2013 2021 \u2013 \u015eimdi Ya [&hellip;]<\/p>\n","protected":false},"author":1,"featured_media":5522,"parent":0,"menu_order":0,"comment_status":"closed","ping_status":"closed","template":"","meta":{"footnotes":""},"class_list":["post-4421","page","type-page","status-publish","has-post-thumbnail","hentry"],"_links":{"self":[{"href":"https:\/\/alpertuydes.com\/en\/index.php?rest_route=\/wp\/v2\/pages\/4421","targetHints":{"allow":["GET"]}}],"collection":[{"href":"https:\/\/alpertuydes.com\/en\/index.php?rest_route=\/wp\/v2\/pages"}],"about":[{"href":"https:\/\/alpertuydes.com\/en\/index.php?rest_route=\/wp\/v2\/types\/page"}],"author":[{"embeddable":true,"href":"https:\/\/alpertuydes.com\/en\/index.php?rest_route=\/wp\/v2\/users\/1"}],"replies":[{"embeddable":true,"href":"https:\/\/alpertuydes.com\/en\/index.php?rest_route=%2Fwp%2Fv2%2Fcomments&post=4421"}],"version-history":[{"count":7,"href":"https:\/\/alpertuydes.com\/en\/index.php?rest_route=\/wp\/v2\/pages\/4421\/revisions"}],"predecessor-version":[{"id":5594,"href":"https:\/\/alpertuydes.com\/en\/index.php?rest_route=\/wp\/v2\/pages\/4421\/revisions\/5594"}],"wp:featuredmedia":[{"embeddable":true,"href":"https:\/\/alpertuydes.com\/en\/index.php?rest_route=\/wp\/v2\/media\/5522"}],"wp:attachment":[{"href":"https:\/\/alpertuydes.com\/en\/index.php?rest_route=%2Fwp%2Fv2%2Fmedia&parent=4421"}],"curies":[{"name":"wp","href":"https:\/\/api.w.org\/{rel}","templated":true}]}}