{"id":4409,"date":"2025-09-11T22:24:37","date_gmt":"2025-09-11T22:24:37","guid":{"rendered":"https:\/\/alpertuydes.com\/en\/?page_id=4409"},"modified":"2026-03-26T13:32:37","modified_gmt":"2026-03-26T13:32:37","slug":"activities","status":"publish","type":"page","link":"https:\/\/alpertuydes.com\/en\/?page_id=4409","title":{"rendered":"Events"},"content":{"rendered":"<div class=\"wpb-content-wrapper\"><p>[vc_row full_width=&#8221;stretch_row&#8221; css=&#8221;.vc_custom_1767480709165{background-image: url(https:\/\/alpertuydes.com\/en\/wp-content\/uploads\/2025\/08\/m4.jpg?id=4314) !important;background-position: center !important;background-repeat: no-repeat !important;background-size: cover !important;}&#8221;][vc_column][vc_empty_space height=&#8221;67px&#8221;][vc_message message_box_style=&#8221;solid&#8221; message_box_color=&#8221;danger&#8221; icon_fontawesome=&#8221;fa fa-solid fa-paw&#8221; css=&#8221;&#8221;]<\/p>\n<h3 style=\"text-align: center;\"><span style=\"font-family: \u201dsegoe UI;\">Alper T\u00fcyde\u015f | Events<\/span><\/h3>\n<h3>International Events<\/h3>\n<ul>\n<li><strong>Do\u011fa Derne\u011fi \u2013 18th International Bird Conference<\/strong> | Speaker \/ Moderator \u2013 2017<\/li>\n<li><strong>Do\u011fa Derne\u011fi \u2013 20th International Bird Conference<\/strong> | Speaker \u2013 2023<\/li>\n<li><strong>COP28 United Nations Climate Change Summit<\/strong> | Dubai \u2013 2023<\/li>\n<li><strong>FAO Talks \u2013 Biodiversity &amp; Ecological Literacy Panel<\/strong> | Speaker \u2013 Kars \u2013 2025<\/li>\n<\/ul>\n<h3>Festivals, Exhibitions &amp; Public Events<\/h3>\n<ul>\n<li><strong>Bilecik Tourism Workshop<\/strong> | Speaker \u2013 2019<\/li>\n<li><strong>Ankara CSO \u2013 Be\u015f Sohbetleri<\/strong> | <em>From Air, Water, Birds<\/em> Visual Presentation \u2013 2022<\/li>\n<li><strong>Istanbul\/Galataport \u2013 Do\u011fu\u015f Otomotiv Plus<\/strong> | <em>Real Nature Stories<\/em> Workshop \u2013 2022\u20132023<\/li>\n<li><strong>Istanbul\/\u00dcsk\u00fcdar Municipality<\/strong> | Book Signing &amp; Talk \u2013 2023<\/li>\n<li><strong>Bursa Culture Path Festival<\/strong> | Talk \u2013 2024<\/li>\n<li><strong>Band\u0131rma International Bird Paradise Festival<\/strong> | Visual Presentation \u2013 2024<\/li>\n<li><strong>Istanbul\/\u0130STA\u00c7 \u2013 Environment Day Event, Gazhane<\/strong> | Talk \u2013 2024<\/li>\n<li><strong>Istanbul Festival Park \u2013 Creative Kids Festival<\/strong> | Book Signing \u2013 2024<\/li>\n<li><strong>Istanbul\/Rami Library<\/strong> | <em>Real Nature Stories<\/em> Visual Presentation \u2013 2024<\/li>\n<\/ul>\n<h3>Universities &amp; Educational Institutions<\/h3>\n<ul>\n<li><strong>Istanbul Technical University<\/strong> | Talk \u2013 2024<\/li>\n<li><strong>Bursa Technical University<\/strong> | Talk \u2013 2024<\/li>\n<li><strong>Ankara Gazi University \u2013 Bird Conference<\/strong> | Speaker \u2013 2024<\/li>\n<li><strong>Ankara Hacettepe University<\/strong> | Talk \u2013 2024<\/li>\n<li><strong>Istanbul Saint-Joseph French High School<\/strong> | <em>Real Nature Stories<\/em> Visual Presentation \u2013 2024<\/li>\n<\/ul>\n<h3>NGOs &amp; Corporate Meetings<\/h3>\n<ul>\n<li><strong>TEMA Foundation \u2013 Field Coordination Meeting<\/strong> | <em>Real Nature Stories<\/em> Visual Presentation \u2013 2022<\/li>\n<li><strong>TEMA Foundation \u2013 \u201cNature &amp; Humans: Ways of Coexistence\u201d<\/strong> | Visual Presentation \u2013 2024<\/li>\n<li><strong>TEMA Foundation \u2013 Young TEMA Coordination Meeting<\/strong> | Speaker \u2013 2024<\/li>\n<\/ul>\n<p>[\/vc_message][vc_empty_space height=&#8221;67px&#8221;][\/vc_column][\/vc_row]<\/p>\n<\/div>","protected":false},"excerpt":{"rendered":"<p>[vc_row full_width=&#8221;stretch_row&#8221; css=&#8221;.vc_custom_1767480709165{background-image: url(https:\/\/alpertuydes.com\/en\/wp-content\/uploads\/2025\/08\/m4.jpg?id=4314) !important;background-position: center !important;background-repeat: no-repeat !important;background-size: cover !important;}&#8221;][vc_column][vc_empty_space height=&#8221;67px&#8221;][vc_message message_box_style=&#8221;solid&#8221; message_box_color=&#8221;danger&#8221; icon_fontawesome=&#8221;fa fa-solid fa-paw&#8221; css=&#8221;&#8221;] Alper T\u00fcyde\u015f | Events International Events Do\u011fa Derne\u011fi \u2013 18th International Bird Conference | Speaker \/ Moderator \u2013 2017 Do\u011fa Derne\u011fi \u2013 20th International Bird Conference | Speaker \u2013 2023 COP28 United Nations Climate Change Summit | [&hellip;]<\/p>\n","protected":false},"author":1,"featured_media":4298,"parent":0,"menu_order":0,"comment_status":"closed","ping_status":"closed","template":"","meta":{"footnotes":""},"class_list":["post-4409","page","type-page","status-publish","has-post-thumbnail","hentry"],"_links":{"self":[{"href":"https:\/\/alpertuydes.com\/en\/index.php?rest_route=\/wp\/v2\/pages\/4409","targetHints":{"allow":["GET"]}}],"collection":[{"href":"https:\/\/alpertuydes.com\/en\/index.php?rest_route=\/wp\/v2\/pages"}],"about":[{"href":"https:\/\/alpertuydes.com\/en\/index.php?rest_route=\/wp\/v2\/types\/page"}],"author":[{"embeddable":true,"href":"https:\/\/alpertuydes.com\/en\/index.php?rest_route=\/wp\/v2\/users\/1"}],"replies":[{"embeddable":true,"href":"https:\/\/alpertuydes.com\/en\/index.php?rest_route=%2Fwp%2Fv2%2Fcomments&post=4409"}],"version-history":[{"count":17,"href":"https:\/\/alpertuydes.com\/en\/index.php?rest_route=\/wp\/v2\/pages\/4409\/revisions"}],"predecessor-version":[{"id":5587,"href":"https:\/\/alpertuydes.com\/en\/index.php?rest_route=\/wp\/v2\/pages\/4409\/revisions\/5587"}],"wp:featuredmedia":[{"embeddable":true,"href":"https:\/\/alpertuydes.com\/en\/index.php?rest_route=\/wp\/v2\/media\/4298"}],"wp:attachment":[{"href":"https:\/\/alpertuydes.com\/en\/index.php?rest_route=%2Fwp%2Fv2%2Fmedia&parent=4409"}],"curies":[{"name":"wp","href":"https:\/\/api.w.org\/{rel}","templated":true}]}}