{"id":332,"date":"2016-08-26T18:27:39","date_gmt":"2016-08-26T15:27:39","guid":{"rendered":"https:\/\/napoli.foxthemes.me\/?page_id=332"},"modified":"2026-03-24T20:38:09","modified_gmt":"2026-03-24T20:38:09","slug":"anasayfa","status":"publish","type":"page","link":"https:\/\/alpertuydes.com\/en\/","title":{"rendered":"Anasayfa"},"content":{"rendered":"<div class=\"wpb-content-wrapper\"><p>[vc_row full_width=&#8221;stretch_row_content_no_spaces&#8221; desctop_mb=&#8221;margin-lg-60b&#8221; mobile_mb=&#8221;margin-xs-25b&#8221;][vc_column][fullscreen_slider slider_type=&#8221;fullcontent&#8221; text_color=&#8221;#FFFFFF&#8221; autoplay=&#8221;2500&#8243; speed=&#8221;1000&#8243; images=&#8221;5470,5471,5472,5473,5474,5475,5476,5477,5478,5479,5480,5481,5482,5483,5484,5485,5486,5487,5488,5489,5490,5491,5492,5493,5494,5495,5496,5497,5498,5499,5500,5501,5502,5503,5504,5505,5506,5507,5508,5509&#8243;][\/vc_column][\/vc_row][vc_row desctop_mt=&#8221;margin-lg-5t&#8221; desctop_mb=&#8221;margin-lg-65b&#8221; mobile_mb=&#8221;margin-xs-25b&#8221; row_title=&#8221;Alper&#8221;][vc_column css=&#8221;.vc_custom_1472484190977{padding-right: 0px !important;padding-left: 0px !important;}&#8221;][napoli_posts posttypes=&#8221;page&#8221; active=&#8221;yes&#8221; subtitle=&#8221;Wildlife Photographer&#8221; title=&#8221;ALPER T\u00dcYDE\u015e&#8221; text=&#8221;Alper T\u00fcyde\u015f, who captures nature, birds, and the details of life through her photographs, has been taking photographs since 2000.&#8221; count=&#8221;5&#8243; active_num=&#8221;1&#8243; url=&#8221;https:\/\/napoli.foxthemes.me\/blog\/&#8221; link=&#8221;https:\/\/napoli.foxthemes.me\/blog\/&#8221;][\/vc_column][\/vc_row][vc_row desctop_mt=&#8221;margin-lg-5t&#8221; desctop_mb=&#8221;margin-lg-15b&#8221; mobile_mb=&#8221;margin-xs-25b&#8221;][vc_column css=&#8221;.vc_custom_1472484190977{padding-right: 0px !important;padding-left: 0px !important;}&#8221;][vc_separator color=&#8221;juicy_pink&#8221; css=&#8221;&#8221;][napoli_title title=&#8221;Latest Photos&#8221; subtitle=&#8221;FROM THE PHOTO ARCHIVE&#8221;][napoli_justified_gallery type=&#8221;boxed_grid&#8221; images=&#8221;4213,4227,4212,4226,4220,4225,4178,4223,4215,4222,4182,4221,4214,4216,4217,4219,4211,4177&#8243; css=&#8221;.vc_custom_1755988002048{padding-top: 22px !important;}&#8221;][\/vc_column][\/vc_row][vc_row disable_element=&#8221;yes&#8221; desctop_mb=&#8221;margin-lg-70b&#8221; tablets_mb=&#8221;margin-sm-35b&#8221; mobile_mb=&#8221;margin-xs-30b&#8221; css=&#8221;.vc_custom_1755976942789{padding-right: 15px !important;padding-left: 15px !important;background-color: #f2f2f2 !important;}&#8221;][vc_column css=&#8221;.vc_custom_1478105838654{padding-top: 0px !important;padding-right: 0px !important;padding-bottom: 0px !important;padding-left: 0px !important;}&#8221;][napoli_posts cats_post=&#8221;1&#8243; active=&#8221;yes&#8221; subtitle=&#8221;BLOG&#8221; title=&#8221;I&#8217;M SEARCHING BEAUTY&#8221; text=&#8221;Nulla mattis aliquet lorem in fringilla. Proin mollis lorem ligula, id feugiat diam.&#8221; btn_txt=&#8221;Read all posts&#8221; btn_url=&#8221;https:\/\/napoli.foxthemes.me\/blog\/&#8221; count=&#8221;5&#8243; active_num=&#8221;1&#8243; url=&#8221;https:\/\/napoli.foxthemes.me\/blog\/&#8221; link=&#8221;https:\/\/napoli.foxthemes.me\/blog\/&#8221;][napoli_instagram username=&#8221;devtechop45&#8243; count=&#8221;6&#8243; title=&#8221;Instagram feed&#8221;][\/vc_column][\/vc_row][vc_row desctop_mt=&#8221;margin-lg-5t&#8221; desctop_mb=&#8221;margin-lg-65b&#8221; mobile_mb=&#8221;margin-xs-25b&#8221;][vc_column css=&#8221;.vc_custom_1472484190977{padding-right: 0px !important;padding-left: 0px !important;}&#8221;][vc_separator color=&#8221;juicy_pink&#8221; css=&#8221;&#8221;][napoli_title title=&#8221;Social Media Feeds&#8221; subtitle=&#8221;Instagram And X&#8221;][\/vc_column][\/vc_row][vc_row desctop_mb=&#8221;margin-lg-40b&#8221; mobile_mb=&#8221;margin-xs-15b&#8221;][vc_column width=&#8221;1\/2&#8243; css=&#8221;.vc_custom_1478255791359{padding-top: 0px !important;}&#8221;][vc_raw_html css=&#8221;&#8221;]JTVCdHJ1c3RpbmRleC1mZWVkLWluc3RhZ3JhbSU1RA==[\/vc_raw_html][\/vc_column][vc_column width=&#8221;1\/2&#8243;][vc_raw_html css=&#8221;&#8221;]JTNDJTIxLS0lMjBFbGZzaWdodCUyMFR3aXR0ZXIlMjBGZWVkJTIwJTdDJTIwVW50aXRsZWQlMjBUd2l0dGVyJTIwRmVlZCUyMC0tJTNFJTBEJTBBJTNDc2NyaXB0JTIwc3JjJTNEJTIyaHR0cHMlM0ElMkYlMkZlbGZzaWdodGNkbi5jb20lMkZwbGF0Zm9ybS5qcyUyMiUyMGFzeW5jJTNFJTNDJTJGc2NyaXB0JTNFJTBEJTBBJTNDZGl2JTIwY2xhc3MlM0QlMjJlbGZzaWdodC1hcHAtYjYzZTJiZTEtYTMyZC00ODY1LTgxMjUtNDAxNWQwYjZjMTRmJTIyJTIwZGF0YS1lbGZzaWdodC1hcHAtbGF6eSUzRSUzQyUyRmRpdiUzRQ==[\/vc_raw_html][\/vc_column][\/vc_row][vc_row desctop_mt=&#8221;margin-lg-5t&#8221; desctop_mb=&#8221;margin-lg-5b&#8221; mobile_mb=&#8221;margin-xs-25b&#8221;][vc_column css=&#8221;.vc_custom_1472484190977{padding-right: 0px !important;padding-left: 0px !important;}&#8221;][vc_separator color=&#8221;juicy_pink&#8221; css=&#8221;&#8221;][\/vc_column][\/vc_row][vc_row disable_element=&#8221;yes&#8221; desctop_mt=&#8221;margin-lg-5t&#8221; desctop_mb=&#8221;margin-lg-5b&#8221; mobile_mb=&#8221;margin-xs-25b&#8221;][vc_column width=&#8221;1\/2&#8243; css=&#8221;.vc_custom_1472484190977{padding-right: 0px !important;padding-left: 0px !important;}&#8221;][vc_copyright prefix=&#8221;Copyright&#8221; postfix=&#8221;Alper T\u00fcyde\u015f Web Sitesi | T\u00fcm Haklar\u0131 Sakl\u0131d\u0131r&#8221; css=&#8221;&#8221;][\/vc_column][vc_column width=&#8221;1\/2&#8243;][\/vc_column][\/vc_row]<\/p>\n<\/div>","protected":false},"excerpt":{"rendered":"<p>[vc_row full_width=&#8221;stretch_row_content_no_spaces&#8221; desctop_mb=&#8221;margin-lg-60b&#8221; mobile_mb=&#8221;margin-xs-25b&#8221;][vc_column][fullscreen_slider slider_type=&#8221;fullcontent&#8221; text_color=&#8221;#FFFFFF&#8221; autoplay=&#8221;2500&#8243; speed=&#8221;1000&#8243; images=&#8221;5470,5471,5472,5473,5474,5475,5476,5477,5478,5479,5480,5481,5482,5483,5484,5485,5486,5487,5488,5489,5490,5491,5492,5493,5494,5495,5496,5497,5498,5499,5500,5501,5502,5503,5504,5505,5506,5507,5508,5509&#8243;][\/vc_column][\/vc_row][vc_row desctop_mt=&#8221;margin-lg-5t&#8221; desctop_mb=&#8221;margin-lg-65b&#8221; mobile_mb=&#8221;margin-xs-25b&#8221; row_title=&#8221;Alper&#8221;][vc_column css=&#8221;.vc_custom_1472484190977{padding-right: 0px !important;padding-left: 0px !important;}&#8221;][napoli_posts posttypes=&#8221;page&#8221; active=&#8221;yes&#8221; subtitle=&#8221;Wildlife Photographer&#8221; title=&#8221;ALPER T\u00dcYDE\u015e&#8221; text=&#8221;Alper T\u00fcyde\u015f, who captures nature, birds, and the details of life through her photographs, has been taking photographs since 2000.&#8221; count=&#8221;5&#8243; active_num=&#8221;1&#8243; url=&#8221;https:\/\/napoli.foxthemes.me\/blog\/&#8221; link=&#8221;https:\/\/napoli.foxthemes.me\/blog\/&#8221;][\/vc_column][\/vc_row][vc_row desctop_mt=&#8221;margin-lg-5t&#8221; desctop_mb=&#8221;margin-lg-15b&#8221; mobile_mb=&#8221;margin-xs-25b&#8221;][vc_column css=&#8221;.vc_custom_1472484190977{padding-right: 0px !important;padding-left: 0px [&hellip;]<\/p>\n","protected":false},"author":1,"featured_media":0,"parent":0,"menu_order":0,"comment_status":"closed","ping_status":"closed","template":"","meta":{"footnotes":""},"class_list":["post-332","page","type-page","status-publish","hentry"],"_links":{"self":[{"href":"https:\/\/alpertuydes.com\/en\/index.php?rest_route=\/wp\/v2\/pages\/332","targetHints":{"allow":["GET"]}}],"collection":[{"href":"https:\/\/alpertuydes.com\/en\/index.php?rest_route=\/wp\/v2\/pages"}],"about":[{"href":"https:\/\/alpertuydes.com\/en\/index.php?rest_route=\/wp\/v2\/types\/page"}],"author":[{"embeddable":true,"href":"https:\/\/alpertuydes.com\/en\/index.php?rest_route=\/wp\/v2\/users\/1"}],"replies":[{"embeddable":true,"href":"https:\/\/alpertuydes.com\/en\/index.php?rest_route=%2Fwp%2Fv2%2Fcomments&post=332"}],"version-history":[{"count":121,"href":"https:\/\/alpertuydes.com\/en\/index.php?rest_route=\/wp\/v2\/pages\/332\/revisions"}],"predecessor-version":[{"id":5577,"href":"https:\/\/alpertuydes.com\/en\/index.php?rest_route=\/wp\/v2\/pages\/332\/revisions\/5577"}],"wp:attachment":[{"href":"https:\/\/alpertuydes.com\/en\/index.php?rest_route=%2Fwp%2Fv2%2Fmedia&parent=332"}],"curies":[{"name":"wp","href":"https:\/\/api.w.org\/{rel}","templated":true}]}}