{"id":2831,"date":"2017-04-05T12:31:59","date_gmt":"2017-04-05T12:31:59","guid":{"rendered":"https:\/\/napoli.foxthemes.me.1.8.0\/?page_id=2831"},"modified":"2026-03-26T14:02:11","modified_gmt":"2026-03-26T14:02:11","slug":"books-publications","status":"publish","type":"page","link":"https:\/\/alpertuydes.com\/en\/?page_id=2831","title":{"rendered":"Books &#038; Publications"},"content":{"rendered":"<div class=\"wpb-content-wrapper\"><p>[vc_row desctop_mb=&#8221;margin-lg-0b&#8221; tablets_mb=&#8221;margin-sm-35b&#8221; mobile_mb=&#8221;margin-xs-5b&#8221;][vc_column][vc_separator color=&#8221;pink&#8221; css=&#8221;&#8221;][\/vc_column][\/vc_row][vc_row desctop_mt=&#8221;margin-lg-0t&#8221; desctop_mb=&#8221;margin-lg-20b&#8221; tablets_mb=&#8221;margin-sm-20b&#8221; mobile_mb=&#8221;margin-xs-5b&#8221;][vc_column][napoli_custom_text_block style=&#8221;style2&#8243; size=&#8221;h6&#8243; title=&#8221;<\/p>\n<p><center>Wildlife Photographer<\/center>&#8221; title2=&#8221;<\/p>\n<p><center>Alper T\u00fcyde\u015f Books &amp; Publications<\/center>&#8220;]<\/p>\n<blockquote><p><strong>T\u00fcyde\u015f has completed 5 book projects to date.<\/strong><\/p><\/blockquote>\n<p><span style=\"color: black;\">Alper T\u00fcyde\u015f aims to bring real nature stories, observed and experienced firsthand, to his readers\u2014especially children\u2014through engaging and enjoyable storytelling. His first book, <em>Kurumu\u015f A\u011fa\u00e7lar<\/em> (\u201cDried Trees\u201d), explains how trees that appear dead in the forest are just as beneficial as living trees. His second work, <em>Turkey\u2019s Migratory Birds<\/em>, introduces wild bird species that can be seen in our surroundings through photographs and brief informative notes. In his third book, <em>Seasonal Birds<\/em>, he explores the relationship between birds and the changing seasons. Additionally, together with butterfly photographers Hakan Y\u0131ld\u0131r\u0131m and Onat Ba\u015fyay, he published the photo book <em>Turkey\u2019s Butterflies<\/em>.<\/span><\/p>\n<p><span style=\"color: black;\">T\u00fcyde\u015f\u2019s fifth book, <em>Uncle Adem and Yaren<\/em>, has captured the hearts of millions. While these books are aimed at children, they have also been widely appreciated by adult readers.<\/span><\/p>\n<p><span style=\"color: black;\">Beyond his own publications, he participated as one of 28 environmental volunteers in the <em>Our Shared World<\/em> book project, organized by the Presidency of the Republic of Turkey. The project supports reforestation efforts for forests burned in the Aegean and Mediterranean regions. In this project, T\u00fcyde\u015f contributed his own inspiring story as well as the migratory journey of flamingos from Venice to Bursa, depicted through photographs and writings in <em>Uncle Adem and Yaren the Stork<\/em>.<\/span><\/p>\n<p><span style=\"color: black;\">Another book project featuring T\u00fcyde\u015f as a guest writer is <em>Words Fly, Art Remains \u2013 A Proverb Atlas for the Curious<\/em>, published by Fibula Publishing.<\/span>[\/napoli_custom_text_block][\/vc_column][\/vc_row][vc_row css=&#8221;.vc_custom_1755872656418{margin-right: -30px !important;margin-left: -30px !important;}&#8221;][vc_column offset=&#8221;vc_col-lg-4 vc_col-md-4 vc_col-xs-12&#8243;][napoli_services style=&#8221;image_style&#8221; editor_type=&#8221;editor&#8221; title_color=&#8221;#ffffff&#8221; desc_color=&#8221;#b9b7b4&#8243; bg_image=&#8221;3970&#8243;][\/napoli_services][\/vc_column][vc_column offset=&#8221;vc_col-lg-4 vc_col-md-4 vc_col-xs-12&#8243;][napoli_services style=&#8221;image_style&#8221; editor_type=&#8221;editor&#8221; title_color=&#8221;#ffffff&#8221; desc_color=&#8221;#b9b7b4&#8243; bg_image=&#8221;3986&#8243;][\/napoli_services][\/vc_column][vc_column offset=&#8221;vc_col-lg-4 vc_col-md-4 vc_col-xs-12&#8243;][napoli_services style=&#8221;image_style&#8221; editor_type=&#8221;editor&#8221; title_color=&#8221;#ffffff&#8221; desc_color=&#8221;#b9b7b4&#8243; bg_image=&#8221;3991&#8243;][\/napoli_services][\/vc_column][\/vc_row][vc_row desctop_mt=&#8221;margin-lg-20t&#8221; desctop_mb=&#8221;margin-lg-40b&#8221; tablets_mt=&#8221;margin-sm-40t&#8221; tablets_mb=&#8221;margin-sm-30b&#8221; desctop_pt=&#8221;padding-md-10t&#8221;][vc_column width=&#8221;1\/2&#8243;][napoli_services style=&#8221;image_style&#8221; editor_type=&#8221;editor&#8221; title_color=&#8221;#ffffff&#8221; desc_color=&#8221;#b9b7b4&#8243; bg_image=&#8221;4005&#8243;][\/napoli_services][\/vc_column][vc_column width=&#8221;1\/2&#8243;][napoli_services style=&#8221;image_style&#8221; editor_type=&#8221;editor&#8221; title_color=&#8221;#ffffff&#8221; desc_color=&#8221;#b9b7b4&#8243; bg_image=&#8221;4003&#8243;][\/napoli_services][\/vc_column][\/vc_row][vc_row disable_element=&#8221;yes&#8221; desctop_mt=&#8221;margin-lg-50t&#8221; tablets_mt=&#8221;margin-sm-30t&#8221; mobile_mt=&#8221;margin-xs-0t&#8221; css=&#8221;.vc_custom_1755872807062{margin-right: -30px !important;margin-left: -30px !important;}&#8221;][vc_column width=&#8221;1\/2&#8243; mobile_mb=&#8221;margin-xs-25b&#8221; offset=&#8221;vc_col-lg-4 vc_col-md-4 vc_col-xs-12&#8243;][vc_pricing bg_color=&#8221;#f0f0f0&#8243; color_mask=&#8221;#f0f0f0&#8243; title=&#8221;SIMPLE PACKAGE&#8221; subtitle=&#8221;STARTING FROM $70&#8243; button_link=&#8221;https:\/\/napoli.foxthemes.me\/contacts\/&#8221; button_text=&#8221;order plan&#8221; css=&#8221;.vc_custom_1623151033121{background-color: #f0f0f0 !important;}&#8221;]<\/p>\n<ul>\n<li>\u00a01 hours on location<\/li>\n<li>2 outfit changes<\/li>\n<li>20 images<\/li>\n<li>Lo-res images for web<\/li>\n<li>Hi-res images on CD<\/li>\n<\/ul>\n<p>[\/vc_pricing][\/vc_column][vc_column width=&#8221;1\/2&#8243; mobile_mb=&#8221;margin-xs-25b&#8221; offset=&#8221;vc_col-lg-4 vc_col-md-4 vc_col-xs-12&#8243;][vc_pricing bg_color=&#8221;#f0f0f0&#8243; color_mask=&#8221;#f0f0f0&#8243; title=&#8221;BIG PACKAGE&#8221; subtitle=&#8221;STARTING FROM $200&#8243; button_link=&#8221;https:\/\/napoli.foxthemes.me\/contacts\/&#8221; button_text=&#8221;order plan&#8221; css=&#8221;.vc_custom_1623151041376{background-color: #f0f0f0 !important;}&#8221;]<\/p>\n<ul>\n<li>\u00a04 hours on location<\/li>\n<li>2 photographers<\/li>\n<li>80 images<\/li>\n<li>Lo-res images for web<\/li>\n<li>Hi-res images on CD<\/li>\n<\/ul>\n<p>[\/vc_pricing][\/vc_column][vc_column width=&#8221;1\/2&#8243; tablets_mt=&#8221;margin-sm-30t&#8221; mobile_mt=&#8221;margin-xs-0t&#8221; offset=&#8221;vc_col-lg-offset-0 vc_col-lg-4 vc_col-md-offset-0 vc_col-md-4 vc_col-sm-offset-3 vc_col-xs-12&#8243;][vc_pricing bg_color=&#8221;#f0f0f0&#8243; color_mask=&#8221;#f0f0f0&#8243; title=&#8221;GOLD PACKAGE&#8221; subtitle=&#8221;STARTING FROM $500&#8243; button_link=&#8221;https:\/\/napoli.foxthemes.me\/contacts\/&#8221; button_text=&#8221;order plan&#8221; css=&#8221;.vc_custom_1623151057567{background-color: #f0f0f0 !important;}&#8221;]<\/p>\n<ul>\n<li>\u00a0All day\u00a0on location<\/li>\n<li>3 photographers<\/li>\n<li>200 images<\/li>\n<li>Hi-res images for web<\/li>\n<li>Hi-res images on CD<\/li>\n<\/ul>\n<p>[\/vc_pricing][\/vc_column][\/vc_row][vc_row desctop_mb=&#8221;margin-lg-0b&#8221; tablets_mb=&#8221;margin-sm-35b&#8221; mobile_mb=&#8221;margin-xs-5b&#8221;][vc_column][vc_separator color=&#8221;blue&#8221; css=&#8221;&#8221;][\/vc_column][\/vc_row]<\/p>\n<\/div>","protected":false},"excerpt":{"rendered":"<p>[vc_row desctop_mb=&#8221;margin-lg-0b&#8221; tablets_mb=&#8221;margin-sm-35b&#8221; mobile_mb=&#8221;margin-xs-5b&#8221;][vc_column][vc_separator color=&#8221;pink&#8221; css=&#8221;&#8221;][\/vc_column][\/vc_row][vc_row desctop_mt=&#8221;margin-lg-0t&#8221; desctop_mb=&#8221;margin-lg-20b&#8221; tablets_mb=&#8221;margin-sm-20b&#8221; mobile_mb=&#8221;margin-xs-5b&#8221;][vc_column][napoli_custom_text_block style=&#8221;style2&#8243; size=&#8221;h6&#8243; title=&#8221; Wildlife Photographer&#8221; title2=&#8221; Alper T\u00fcyde\u015f Books &amp; Publications&#8220;] T\u00fcyde\u015f has completed 5 book projects to date. Alper T\u00fcyde\u015f aims to bring real nature stories, observed and experienced firsthand, to his readers\u2014especially children\u2014through engaging and enjoyable storytelling. His first book, Kurumu\u015f A\u011fa\u00e7lar (\u201cDried [&hellip;]<\/p>\n","protected":false},"author":1,"featured_media":0,"parent":0,"menu_order":0,"comment_status":"closed","ping_status":"closed","template":"","meta":{"footnotes":""},"class_list":["post-2831","page","type-page","status-publish","hentry"],"_links":{"self":[{"href":"https:\/\/alpertuydes.com\/en\/index.php?rest_route=\/wp\/v2\/pages\/2831","targetHints":{"allow":["GET"]}}],"collection":[{"href":"https:\/\/alpertuydes.com\/en\/index.php?rest_route=\/wp\/v2\/pages"}],"about":[{"href":"https:\/\/alpertuydes.com\/en\/index.php?rest_route=\/wp\/v2\/types\/page"}],"author":[{"embeddable":true,"href":"https:\/\/alpertuydes.com\/en\/index.php?rest_route=\/wp\/v2\/users\/1"}],"replies":[{"embeddable":true,"href":"https:\/\/alpertuydes.com\/en\/index.php?rest_route=%2Fwp%2Fv2%2Fcomments&post=2831"}],"version-history":[{"count":91,"href":"https:\/\/alpertuydes.com\/en\/index.php?rest_route=\/wp\/v2\/pages\/2831\/revisions"}],"predecessor-version":[{"id":5600,"href":"https:\/\/alpertuydes.com\/en\/index.php?rest_route=\/wp\/v2\/pages\/2831\/revisions\/5600"}],"wp:attachment":[{"href":"https:\/\/alpertuydes.com\/en\/index.php?rest_route=%2Fwp%2Fv2%2Fmedia&parent=2831"}],"curies":[{"name":"wp","href":"https:\/\/api.w.org\/{rel}","templated":true}]}}